{"id":1552,"date":"2024-03-08T16:51:56","date_gmt":"2024-03-08T16:51:56","guid":{"rendered":"http:\/\/baltex-development.local\/product\/spun-dyed-yarn-spacer-ref-npd-151\/"},"modified":"2024-04-09T09:26:06","modified_gmt":"2024-04-09T09:26:06","slug":"spun-dyed-yarn-spacer-ref-npd-151","status":"publish","type":"product","link":"https:\/\/baltex.co.uk\/pl\/produkt\/spun-dyed-yarn-spacer-ref-npd-151\/","title":{"rendered":"Przek\u0142adka z prz\u0119dzy barwionej, nr ref.: NPD 151"},"content":{"rendered":"<p><strong>DANE TECHNICZNE<\/strong><\/p>\n<p>NR REF. JAKO\u015aCI: NPD 151<\/p>\n<p>OPIS TKANiny: Prz\u0119dzona barwiona prz\u0119dza dystansowa POLIESTER I LYCRA<\/p>\n<p>PRZ\u0118DZA: POLIESTER\/LYCRA<\/p>\n<p>KONSTRUKCJA: DZIANINA W\u0104TKOWA<\/p>\n<p>KOLOR: PRZESU\u0143 LUB NA ZAM\u00d3WIENIE<\/p>\n<p>SZEROKO\u015a\u0106: 156 \u2013 166 CM<\/p>\n<p>WAGA: 480 \u2013 550 G\/m\u00b2<\/p>\n<p>GRUBO\u015a\u0106 BS EN ISO 5084: 2,4 \u2013 3,2 MM<\/p>\n<p>WYTRZYMA\u0141O\u015a\u0106 NA ROZCI\u0104GANIE BS EN ISO 13934-1: SZEROKO\u015a\u0106 60 \u2013 80 KGF D\u0141UGO\u015a\u0106<\/p>\n<p>WYTRZYMA\u0141O\u015a\u0106 NA ROZRUCH BS EN ISO 13938-1: 40 \u2013 60 KGF MIN 10 BAR<\/p>\n<p>Informacje podane w tej karcie katalogowej s\u0142u\u017c\u0105 wy\u0142\u0105cznie celom informacyjnym i w \u017caden spos\u00f3b nie stanowi\u0105 specyfikacji. Zastrzegamy sobie prawo do modyfikacji tkanin wed\u0142ug potrzeb klient\u00f3w.<\/p>\n<p>Data wydania: 06.08.2020<\/p>","protected":false},"excerpt":{"rendered":"<p>TECHNICAL DATA QUALITY REF: NPD 151 FABRIC DESCRIPTION: SPUN DYED YARN SPACER POLYESTER &amp; LYCRA YARN: POLYESTER\/LYCRA CONSTRUCTION: WEFT KNIT COLOUR: SCOUR OR TO ORDER WIDTH: 156 &#8211; 166 CM WEIGHT: 480 &#8211; 550 G\/M\u00b2 THICKNESS BS EN ISO 5084: 2.4 &#8211; 3.2 MM TENSILE STRENGTH BS EN ISO 13934-1: WIDTH 60 &#8211; 80 KGF [&hellip;]<\/p>\n","protected":false},"featured_media":2280,"comment_status":"open","ping_status":"closed","template":"","meta":{"content-type":"","_monsterinsights_skip_tracking":false,"_monsterinsights_sitenote_active":false,"_monsterinsights_sitenote_note":"","_monsterinsights_sitenote_category":0},"product_brand":[],"product_cat":[26,30],"product_tag":[],"class_list":{"0":"post-1552","1":"product","2":"type-product","3":"status-publish","4":"has-post-thumbnail","6":"product_cat-spacer-fabrics","7":"product_cat-stretch-fabrics","9":"first","10":"instock","11":"shipping-taxable","12":"product-type-simple"},"yoast_head":"<!-- This site is optimized with the Yoast SEO plugin v27.5 - https:\/\/yoast.com\/product\/yoast-seo-wordpress\/ -->\n<title>Spun Dyed Yarn Spacer Ref: NPD 151 - Baltex<\/title>\n<meta name=\"robots\" content=\"index, follow, max-snippet:-1, max-image-preview:large, max-video-preview:-1\" \/>\n<link rel=\"canonical\" href=\"https:\/\/baltex.co.uk\/pl\/produkt\/spun-dyed-yarn-spacer-ref-npd-151\/\" \/>\n<meta property=\"og:locale\" content=\"pl_PL\" \/>\n<meta property=\"og:type\" content=\"article\" \/>\n<meta property=\"og:title\" content=\"Spun Dyed Yarn Spacer Ref: NPD 151 - Baltex\" \/>\n<meta property=\"og:description\" content=\"TECHNICAL DATA QUALITY REF: NPD 151 FABRIC DESCRIPTION: SPUN DYED YARN SPACER POLYESTER &amp; LYCRA YARN: POLYESTER\/LYCRA CONSTRUCTION: WEFT KNIT COLOUR: SCOUR OR TO ORDER WIDTH: 156 &#8211; 166 CM WEIGHT: 480 &#8211; 550 G\/M\u00b2 THICKNESS BS EN ISO 5084: 2.4 &#8211; 3.2 MM TENSILE STRENGTH BS EN ISO 13934-1: WIDTH 60 &#8211; 80 KGF [&hellip;]\" \/>\n<meta property=\"og:url\" content=\"https:\/\/baltex.co.uk\/pl\/produkt\/spun-dyed-yarn-spacer-ref-npd-151\/\" \/>\n<meta property=\"og:site_name\" content=\"Baltex\" \/>\n<meta property=\"article:modified_time\" content=\"2024-04-09T09:26:06+00:00\" \/>\n<meta property=\"og:image\" content=\"https:\/\/baltex.co.uk\/wp-content\/uploads\/2024\/03\/Spun-dyed-yarn-spacer-151-4.jpg\" \/>\n\t<meta property=\"og:image:width\" content=\"1000\" \/>\n\t<meta property=\"og:image:height\" content=\"856\" \/>\n\t<meta property=\"og:image:type\" content=\"image\/jpeg\" \/>\n<meta name=\"twitter:card\" content=\"summary_large_image\" \/>\n<meta name=\"twitter:label1\" content=\"Szacowany czas czytania\" \/>\n\t<meta name=\"twitter:data1\" content=\"1 minuta\" \/>\n<script type=\"application\/ld+json\" class=\"yoast-schema-graph\">{\"@context\":\"https:\\\/\\\/schema.org\",\"@graph\":[{\"@type\":\"WebPage\",\"@id\":\"https:\\\/\\\/baltex.co.uk\\\/pl\\\/produkt\\\/spun-dyed-yarn-spacer-ref-npd-151\\\/\",\"url\":\"https:\\\/\\\/baltex.co.uk\\\/pl\\\/produkt\\\/spun-dyed-yarn-spacer-ref-npd-151\\\/\",\"name\":\"Spun Dyed Yarn Spacer Ref: NPD 151 - Baltex\",\"isPartOf\":{\"@id\":\"https:\\\/\\\/baltex.co.uk\\\/#website\"},\"primaryImageOfPage\":{\"@id\":\"https:\\\/\\\/baltex.co.uk\\\/pl\\\/produkt\\\/spun-dyed-yarn-spacer-ref-npd-151\\\/#primaryimage\"},\"image\":{\"@id\":\"https:\\\/\\\/baltex.co.uk\\\/pl\\\/produkt\\\/spun-dyed-yarn-spacer-ref-npd-151\\\/#primaryimage\"},\"thumbnailUrl\":\"https:\\\/\\\/baltex.co.uk\\\/wp-content\\\/uploads\\\/2024\\\/03\\\/Spun-dyed-yarn-spacer-151-4.jpg\",\"datePublished\":\"2024-03-08T16:51:56+00:00\",\"dateModified\":\"2024-04-09T09:26:06+00:00\",\"breadcrumb\":{\"@id\":\"https:\\\/\\\/baltex.co.uk\\\/pl\\\/produkt\\\/spun-dyed-yarn-spacer-ref-npd-151\\\/#breadcrumb\"},\"inLanguage\":\"pl-PL\",\"potentialAction\":[{\"@type\":\"ReadAction\",\"target\":[\"https:\\\/\\\/baltex.co.uk\\\/pl\\\/produkt\\\/spun-dyed-yarn-spacer-ref-npd-151\\\/\"]}]},{\"@type\":\"ImageObject\",\"inLanguage\":\"pl-PL\",\"@id\":\"https:\\\/\\\/baltex.co.uk\\\/pl\\\/produkt\\\/spun-dyed-yarn-spacer-ref-npd-151\\\/#primaryimage\",\"url\":\"https:\\\/\\\/baltex.co.uk\\\/wp-content\\\/uploads\\\/2024\\\/03\\\/Spun-dyed-yarn-spacer-151-4.jpg\",\"contentUrl\":\"https:\\\/\\\/baltex.co.uk\\\/wp-content\\\/uploads\\\/2024\\\/03\\\/Spun-dyed-yarn-spacer-151-4.jpg\",\"width\":1000,\"height\":856,\"caption\":\"an image of spun dyed yarn spacer fabric\"},{\"@type\":\"BreadcrumbList\",\"@id\":\"https:\\\/\\\/baltex.co.uk\\\/pl\\\/produkt\\\/spun-dyed-yarn-spacer-ref-npd-151\\\/#breadcrumb\",\"itemListElement\":[{\"@type\":\"ListItem\",\"position\":1,\"name\":\"Home\",\"item\":\"https:\\\/\\\/baltex.co.uk\\\/\"},{\"@type\":\"ListItem\",\"position\":2,\"name\":\"Produkty\",\"item\":\"https:\\\/\\\/baltex.co.uk\\\/pl\\\/shop\\\/\"},{\"@type\":\"ListItem\",\"position\":3,\"name\":\"Spun Dyed Yarn Spacer Ref: NPD 151\"}]},{\"@type\":\"WebSite\",\"@id\":\"https:\\\/\\\/baltex.co.uk\\\/#website\",\"url\":\"https:\\\/\\\/baltex.co.uk\\\/\",\"name\":\"Baltex\",\"description\":\"We design, manufacture and supply a wide range of high performing technical textiles for a range of high performance markets\",\"publisher\":{\"@id\":\"https:\\\/\\\/baltex.co.uk\\\/#organization\"},\"potentialAction\":[{\"@type\":\"SearchAction\",\"target\":{\"@type\":\"EntryPoint\",\"urlTemplate\":\"https:\\\/\\\/baltex.co.uk\\\/?s={search_term_string}\"},\"query-input\":{\"@type\":\"PropertyValueSpecification\",\"valueRequired\":true,\"valueName\":\"search_term_string\"}}],\"inLanguage\":\"pl-PL\"},{\"@type\":\"Organization\",\"@id\":\"https:\\\/\\\/baltex.co.uk\\\/#organization\",\"name\":\"Baltex\",\"url\":\"https:\\\/\\\/baltex.co.uk\\\/\",\"logo\":{\"@type\":\"ImageObject\",\"inLanguage\":\"pl-PL\",\"@id\":\"https:\\\/\\\/baltex.co.uk\\\/#\\\/schema\\\/logo\\\/image\\\/\",\"url\":\"https:\\\/\\\/baltex.co.uk\\\/wp-content\\\/uploads\\\/2024\\\/02\\\/Baltex-Logo-Purple.png\",\"contentUrl\":\"https:\\\/\\\/baltex.co.uk\\\/wp-content\\\/uploads\\\/2024\\\/02\\\/Baltex-Logo-Purple.png\",\"width\":930,\"height\":413,\"caption\":\"Baltex\"},\"image\":{\"@id\":\"https:\\\/\\\/baltex.co.uk\\\/#\\\/schema\\\/logo\\\/image\\\/\"}}]}<\/script>\n<!-- \/ Yoast SEO plugin. -->","yoast_head_json":{"title":"Przek\u0142adka z prz\u0119dzy barwionej metod\u0105 spun-dyed Ref: NPD 151 - Baltex","robots":{"index":"index","follow":"follow","max-snippet":"max-snippet:-1","max-image-preview":"max-image-preview:large","max-video-preview":"max-video-preview:-1"},"canonical":"https:\/\/baltex.co.uk\/pl\/produkt\/spun-dyed-yarn-spacer-ref-npd-151\/","og_locale":"pl_PL","og_type":"article","og_title":"Spun Dyed Yarn Spacer Ref: NPD 151 - Baltex","og_description":"TECHNICAL DATA QUALITY REF: NPD 151 FABRIC DESCRIPTION: SPUN DYED YARN SPACER POLYESTER &amp; LYCRA YARN: POLYESTER\/LYCRA CONSTRUCTION: WEFT KNIT COLOUR: SCOUR OR TO ORDER WIDTH: 156 &#8211; 166 CM WEIGHT: 480 &#8211; 550 G\/M\u00b2 THICKNESS BS EN ISO 5084: 2.4 &#8211; 3.2 MM TENSILE STRENGTH BS EN ISO 13934-1: WIDTH 60 &#8211; 80 KGF [&hellip;]","og_url":"https:\/\/baltex.co.uk\/pl\/produkt\/spun-dyed-yarn-spacer-ref-npd-151\/","og_site_name":"Baltex","article_modified_time":"2024-04-09T09:26:06+00:00","og_image":[{"width":1000,"height":856,"url":"https:\/\/baltex.co.uk\/wp-content\/uploads\/2024\/03\/Spun-dyed-yarn-spacer-151-4.jpg","type":"image\/jpeg"}],"twitter_card":"summary_large_image","twitter_misc":{"Szacowany czas czytania":"1 minuta"},"schema":{"@context":"https:\/\/schema.org","@graph":[{"@type":"WebPage","@id":"https:\/\/baltex.co.uk\/pl\/produkt\/spun-dyed-yarn-spacer-ref-npd-151\/","url":"https:\/\/baltex.co.uk\/pl\/produkt\/spun-dyed-yarn-spacer-ref-npd-151\/","name":"Przek\u0142adka z prz\u0119dzy barwionej metod\u0105 spun-dyed Ref: NPD 151 - Baltex","isPartOf":{"@id":"https:\/\/baltex.co.uk\/#website"},"primaryImageOfPage":{"@id":"https:\/\/baltex.co.uk\/pl\/produkt\/spun-dyed-yarn-spacer-ref-npd-151\/#primaryimage"},"image":{"@id":"https:\/\/baltex.co.uk\/pl\/produkt\/spun-dyed-yarn-spacer-ref-npd-151\/#primaryimage"},"thumbnailUrl":"https:\/\/baltex.co.uk\/wp-content\/uploads\/2024\/03\/Spun-dyed-yarn-spacer-151-4.jpg","datePublished":"2024-03-08T16:51:56+00:00","dateModified":"2024-04-09T09:26:06+00:00","breadcrumb":{"@id":"https:\/\/baltex.co.uk\/pl\/produkt\/spun-dyed-yarn-spacer-ref-npd-151\/#breadcrumb"},"inLanguage":"pl-PL","potentialAction":[{"@type":"ReadAction","target":["https:\/\/baltex.co.uk\/pl\/produkt\/spun-dyed-yarn-spacer-ref-npd-151\/"]}]},{"@type":"ImageObject","inLanguage":"pl-PL","@id":"https:\/\/baltex.co.uk\/pl\/produkt\/spun-dyed-yarn-spacer-ref-npd-151\/#primaryimage","url":"https:\/\/baltex.co.uk\/wp-content\/uploads\/2024\/03\/Spun-dyed-yarn-spacer-151-4.jpg","contentUrl":"https:\/\/baltex.co.uk\/wp-content\/uploads\/2024\/03\/Spun-dyed-yarn-spacer-151-4.jpg","width":1000,"height":856,"caption":"an image of spun dyed yarn spacer fabric"},{"@type":"BreadcrumbList","@id":"https:\/\/baltex.co.uk\/pl\/produkt\/spun-dyed-yarn-spacer-ref-npd-151\/#breadcrumb","itemListElement":[{"@type":"ListItem","position":1,"name":"Home","item":"https:\/\/baltex.co.uk\/"},{"@type":"ListItem","position":2,"name":"Produkty","item":"https:\/\/baltex.co.uk\/pl\/shop\/"},{"@type":"ListItem","position":3,"name":"Spun Dyed Yarn Spacer Ref: NPD 151"}]},{"@type":"WebSite","@id":"https:\/\/baltex.co.uk\/#website","url":"https:\/\/baltex.co.uk\/","name":"Baltex","description":"Projektujemy, produkujemy i dostarczamy szerok\u0105 gam\u0119 wysokowydajnych tekstyli\u00f3w technicznych dla r\u00f3\u017cnych rynk\u00f3w o wysokiej wydajno\u015bci","publisher":{"@id":"https:\/\/baltex.co.uk\/#organization"},"potentialAction":[{"@type":"SearchAction","target":{"@type":"EntryPoint","urlTemplate":"https:\/\/baltex.co.uk\/?s={search_term_string}"},"query-input":{"@type":"PropertyValueSpecification","valueRequired":true,"valueName":"search_term_string"}}],"inLanguage":"pl-PL"},{"@type":"Organization","@id":"https:\/\/baltex.co.uk\/#organization","name":"Baltex","url":"https:\/\/baltex.co.uk\/","logo":{"@type":"ImageObject","inLanguage":"pl-PL","@id":"https:\/\/baltex.co.uk\/#\/schema\/logo\/image\/","url":"https:\/\/baltex.co.uk\/wp-content\/uploads\/2024\/02\/Baltex-Logo-Purple.png","contentUrl":"https:\/\/baltex.co.uk\/wp-content\/uploads\/2024\/02\/Baltex-Logo-Purple.png","width":930,"height":413,"caption":"Baltex"},"image":{"@id":"https:\/\/baltex.co.uk\/#\/schema\/logo\/image\/"}}]}},"_links":{"self":[{"href":"https:\/\/baltex.co.uk\/pl\/wp-json\/wp\/v2\/product\/1552","targetHints":{"allow":["GET"]}}],"collection":[{"href":"https:\/\/baltex.co.uk\/pl\/wp-json\/wp\/v2\/product"}],"about":[{"href":"https:\/\/baltex.co.uk\/pl\/wp-json\/wp\/v2\/types\/product"}],"replies":[{"embeddable":true,"href":"https:\/\/baltex.co.uk\/pl\/wp-json\/wp\/v2\/comments?post=1552"}],"wp:featuredmedia":[{"embeddable":true,"href":"https:\/\/baltex.co.uk\/pl\/wp-json\/wp\/v2\/media\/2280"}],"wp:attachment":[{"href":"https:\/\/baltex.co.uk\/pl\/wp-json\/wp\/v2\/media?parent=1552"}],"wp:term":[{"taxonomy":"product_brand","embeddable":true,"href":"https:\/\/baltex.co.uk\/pl\/wp-json\/wp\/v2\/product_brand?post=1552"},{"taxonomy":"product_cat","embeddable":true,"href":"https:\/\/baltex.co.uk\/pl\/wp-json\/wp\/v2\/product_cat?post=1552"},{"taxonomy":"product_tag","embeddable":true,"href":"https:\/\/baltex.co.uk\/pl\/wp-json\/wp\/v2\/product_tag?post=1552"}],"curies":[{"name":"wp","href":"https:\/\/api.w.org\/{rel}","templated":true}]}}