{"id":1536,"date":"2024-03-08T16:51:54","date_gmt":"2024-03-08T16:51:54","guid":{"rendered":"http:\/\/baltex-development.local\/product\/power-net-npd-cd-337\/"},"modified":"2024-04-09T09:40:16","modified_gmt":"2024-04-09T09:40:16","slug":"power-net-npd-cd-337","status":"publish","type":"product","link":"https:\/\/baltex.co.uk\/pl\/produkt\/power-net-npd-cd-337\/","title":{"rendered":"Power Net NPD CD 337"},"content":{"rendered":"<p><strong>SPECYFIKACJA<\/strong><\/p>\n<p>4-kierunkowe rozci\u0105ganie<\/p>\n<p>83% POLIAMID, 17% ELASTAN<\/p>\n<p>WAGA 260-300 G\/m2<\/p>\n<p>MATOWE WYKO\u0143CZENIE<\/p>\n<p>IDEALNY DO: ZASTOSOWA\u0143 WOJSKOWYCH, KIESZENI, ODZIE\u017bY SPORTOWEJ, BIELIZNY KONTROLUJ\u0104CEJ CIA\u0141O, MODNEJ ODZIE\u017bY KOMPRESYJNEJ<\/p>","protected":false},"excerpt":{"rendered":"<p>DANE TECHNICZNE 4-kierunkowy rozci\u0105gliwy poliamid 83%, ELASTAN 17% GRAMATURA 260-300 G\/m2 MATOWE WYKO\u0143CZENIE IDEALNY DO: ZASTOSOWA\u0143 WOJSKOWYCH, KIESZENI, ODZIE\u017bY SPORTOWEJ, BIELIZNY KONTROLUJ\u0104CEJ CIA\u0141O, MODNEJ ODZIE\u017bY KOMPRESYJNEJ<\/p>","protected":false},"featured_media":2301,"comment_status":"open","ping_status":"closed","template":"","meta":{"content-type":"","_monsterinsights_skip_tracking":false,"_monsterinsights_sitenote_active":false,"_monsterinsights_sitenote_note":"","_monsterinsights_sitenote_category":0},"product_brand":[],"product_cat":[27],"product_tag":[],"class_list":{"0":"post-1536","1":"product","2":"type-product","3":"status-publish","4":"has-post-thumbnail","6":"product_cat-net-and-mesh-fabrics","8":"first","9":"instock","10":"shipping-taxable","11":"product-type-simple"},"yoast_head":"<!-- This site is optimized with the Yoast SEO plugin v27.4 - https:\/\/yoast.com\/product\/yoast-seo-wordpress\/ -->\n<title>Power Net NPD CD 337 - Baltex<\/title>\n<meta name=\"robots\" content=\"index, follow, max-snippet:-1, max-image-preview:large, max-video-preview:-1\" \/>\n<link rel=\"canonical\" href=\"https:\/\/baltex.co.uk\/pl\/produkt\/power-net-npd-cd-337\/\" \/>\n<meta property=\"og:locale\" content=\"pl_PL\" \/>\n<meta property=\"og:type\" content=\"article\" \/>\n<meta property=\"og:title\" content=\"Power Net NPD CD 337 - Baltex\" \/>\n<meta property=\"og:description\" content=\"TECHNICAL INFORMATION 4 WAY STRETCH 83% POLYAMIDE, 17% ELASTANE WEIGHT 260-300 G\/M2 MATTE FINISH IDEAL FOR: MILITARY APPLICATIONS, POCKETING, SPORTSWEAR, BODY CONTROL LINGERIE, FASHION COMPRESSION GARMENTS\" \/>\n<meta property=\"og:url\" content=\"https:\/\/baltex.co.uk\/pl\/produkt\/power-net-npd-cd-337\/\" \/>\n<meta property=\"og:site_name\" content=\"Baltex\" \/>\n<meta property=\"article:modified_time\" content=\"2024-04-09T09:40:16+00:00\" \/>\n<meta property=\"og:image\" content=\"https:\/\/baltex.co.uk\/wp-content\/uploads\/2024\/03\/powernet-337.jpg\" \/>\n\t<meta property=\"og:image:width\" content=\"794\" \/>\n\t<meta property=\"og:image:height\" content=\"596\" \/>\n\t<meta property=\"og:image:type\" content=\"image\/jpeg\" \/>\n<meta name=\"twitter:card\" content=\"summary_large_image\" \/>\n<meta name=\"twitter:label1\" content=\"Szacowany czas czytania\" \/>\n\t<meta name=\"twitter:data1\" content=\"1 minuta\" \/>\n<script type=\"application\/ld+json\" class=\"yoast-schema-graph\">{\"@context\":\"https:\\\/\\\/schema.org\",\"@graph\":[{\"@type\":\"WebPage\",\"@id\":\"https:\\\/\\\/baltex.co.uk\\\/pl\\\/produkt\\\/power-net-npd-cd-337\\\/\",\"url\":\"https:\\\/\\\/baltex.co.uk\\\/pl\\\/produkt\\\/power-net-npd-cd-337\\\/\",\"name\":\"Power Net NPD CD 337 - Baltex\",\"isPartOf\":{\"@id\":\"https:\\\/\\\/baltex.co.uk\\\/#website\"},\"primaryImageOfPage\":{\"@id\":\"https:\\\/\\\/baltex.co.uk\\\/pl\\\/produkt\\\/power-net-npd-cd-337\\\/#primaryimage\"},\"image\":{\"@id\":\"https:\\\/\\\/baltex.co.uk\\\/pl\\\/produkt\\\/power-net-npd-cd-337\\\/#primaryimage\"},\"thumbnailUrl\":\"https:\\\/\\\/baltex.co.uk\\\/wp-content\\\/uploads\\\/2024\\\/03\\\/powernet-337.jpg\",\"datePublished\":\"2024-03-08T16:51:54+00:00\",\"dateModified\":\"2024-04-09T09:40:16+00:00\",\"breadcrumb\":{\"@id\":\"https:\\\/\\\/baltex.co.uk\\\/pl\\\/produkt\\\/power-net-npd-cd-337\\\/#breadcrumb\"},\"inLanguage\":\"pl-PL\",\"potentialAction\":[{\"@type\":\"ReadAction\",\"target\":[\"https:\\\/\\\/baltex.co.uk\\\/pl\\\/produkt\\\/power-net-npd-cd-337\\\/\"]}]},{\"@type\":\"ImageObject\",\"inLanguage\":\"pl-PL\",\"@id\":\"https:\\\/\\\/baltex.co.uk\\\/pl\\\/produkt\\\/power-net-npd-cd-337\\\/#primaryimage\",\"url\":\"https:\\\/\\\/baltex.co.uk\\\/wp-content\\\/uploads\\\/2024\\\/03\\\/powernet-337.jpg\",\"contentUrl\":\"https:\\\/\\\/baltex.co.uk\\\/wp-content\\\/uploads\\\/2024\\\/03\\\/powernet-337.jpg\",\"width\":794,\"height\":596,\"caption\":\"powernet mesh fabric\"},{\"@type\":\"BreadcrumbList\",\"@id\":\"https:\\\/\\\/baltex.co.uk\\\/pl\\\/produkt\\\/power-net-npd-cd-337\\\/#breadcrumb\",\"itemListElement\":[{\"@type\":\"ListItem\",\"position\":1,\"name\":\"Home\",\"item\":\"https:\\\/\\\/baltex.co.uk\\\/\"},{\"@type\":\"ListItem\",\"position\":2,\"name\":\"Produkty\",\"item\":\"https:\\\/\\\/baltex.co.uk\\\/pl\\\/shop\\\/\"},{\"@type\":\"ListItem\",\"position\":3,\"name\":\"Power Net NPD CD 337\"}]},{\"@type\":\"WebSite\",\"@id\":\"https:\\\/\\\/baltex.co.uk\\\/#website\",\"url\":\"https:\\\/\\\/baltex.co.uk\\\/\",\"name\":\"Baltex\",\"description\":\"We design, manufacture and supply a wide range of high performing technical textiles for a range of high performance markets\",\"publisher\":{\"@id\":\"https:\\\/\\\/baltex.co.uk\\\/#organization\"},\"potentialAction\":[{\"@type\":\"SearchAction\",\"target\":{\"@type\":\"EntryPoint\",\"urlTemplate\":\"https:\\\/\\\/baltex.co.uk\\\/?s={search_term_string}\"},\"query-input\":{\"@type\":\"PropertyValueSpecification\",\"valueRequired\":true,\"valueName\":\"search_term_string\"}}],\"inLanguage\":\"pl-PL\"},{\"@type\":\"Organization\",\"@id\":\"https:\\\/\\\/baltex.co.uk\\\/#organization\",\"name\":\"Baltex\",\"url\":\"https:\\\/\\\/baltex.co.uk\\\/\",\"logo\":{\"@type\":\"ImageObject\",\"inLanguage\":\"pl-PL\",\"@id\":\"https:\\\/\\\/baltex.co.uk\\\/#\\\/schema\\\/logo\\\/image\\\/\",\"url\":\"https:\\\/\\\/baltex.co.uk\\\/wp-content\\\/uploads\\\/2024\\\/02\\\/Baltex-Logo-Purple.png\",\"contentUrl\":\"https:\\\/\\\/baltex.co.uk\\\/wp-content\\\/uploads\\\/2024\\\/02\\\/Baltex-Logo-Purple.png\",\"width\":930,\"height\":413,\"caption\":\"Baltex\"},\"image\":{\"@id\":\"https:\\\/\\\/baltex.co.uk\\\/#\\\/schema\\\/logo\\\/image\\\/\"}}]}<\/script>\n<!-- \/ Yoast SEO plugin. -->","yoast_head_json":{"title":"Power Net NPD CD 337 - Baltex","robots":{"index":"index","follow":"follow","max-snippet":"max-snippet:-1","max-image-preview":"max-image-preview:large","max-video-preview":"max-video-preview:-1"},"canonical":"https:\/\/baltex.co.uk\/pl\/produkt\/power-net-npd-cd-337\/","og_locale":"pl_PL","og_type":"article","og_title":"Power Net NPD CD 337 - Baltex","og_description":"TECHNICAL INFORMATION 4 WAY STRETCH 83% POLYAMIDE, 17% ELASTANE WEIGHT 260-300 G\/M2 MATTE FINISH IDEAL FOR: MILITARY APPLICATIONS, POCKETING, SPORTSWEAR, BODY CONTROL LINGERIE, FASHION COMPRESSION GARMENTS","og_url":"https:\/\/baltex.co.uk\/pl\/produkt\/power-net-npd-cd-337\/","og_site_name":"Baltex","article_modified_time":"2024-04-09T09:40:16+00:00","og_image":[{"width":794,"height":596,"url":"https:\/\/baltex.co.uk\/wp-content\/uploads\/2024\/03\/powernet-337.jpg","type":"image\/jpeg"}],"twitter_card":"summary_large_image","twitter_misc":{"Szacowany czas czytania":"1 minuta"},"schema":{"@context":"https:\/\/schema.org","@graph":[{"@type":"WebPage","@id":"https:\/\/baltex.co.uk\/pl\/produkt\/power-net-npd-cd-337\/","url":"https:\/\/baltex.co.uk\/pl\/produkt\/power-net-npd-cd-337\/","name":"Power Net NPD CD 337 - Baltex","isPartOf":{"@id":"https:\/\/baltex.co.uk\/#website"},"primaryImageOfPage":{"@id":"https:\/\/baltex.co.uk\/pl\/produkt\/power-net-npd-cd-337\/#primaryimage"},"image":{"@id":"https:\/\/baltex.co.uk\/pl\/produkt\/power-net-npd-cd-337\/#primaryimage"},"thumbnailUrl":"https:\/\/baltex.co.uk\/wp-content\/uploads\/2024\/03\/powernet-337.jpg","datePublished":"2024-03-08T16:51:54+00:00","dateModified":"2024-04-09T09:40:16+00:00","breadcrumb":{"@id":"https:\/\/baltex.co.uk\/pl\/produkt\/power-net-npd-cd-337\/#breadcrumb"},"inLanguage":"pl-PL","potentialAction":[{"@type":"ReadAction","target":["https:\/\/baltex.co.uk\/pl\/produkt\/power-net-npd-cd-337\/"]}]},{"@type":"ImageObject","inLanguage":"pl-PL","@id":"https:\/\/baltex.co.uk\/pl\/produkt\/power-net-npd-cd-337\/#primaryimage","url":"https:\/\/baltex.co.uk\/wp-content\/uploads\/2024\/03\/powernet-337.jpg","contentUrl":"https:\/\/baltex.co.uk\/wp-content\/uploads\/2024\/03\/powernet-337.jpg","width":794,"height":596,"caption":"powernet mesh fabric"},{"@type":"BreadcrumbList","@id":"https:\/\/baltex.co.uk\/pl\/produkt\/power-net-npd-cd-337\/#breadcrumb","itemListElement":[{"@type":"ListItem","position":1,"name":"Home","item":"https:\/\/baltex.co.uk\/"},{"@type":"ListItem","position":2,"name":"Produkty","item":"https:\/\/baltex.co.uk\/pl\/shop\/"},{"@type":"ListItem","position":3,"name":"Power Net NPD CD 337"}]},{"@type":"WebSite","@id":"https:\/\/baltex.co.uk\/#website","url":"https:\/\/baltex.co.uk\/","name":"Baltex","description":"Projektujemy, produkujemy i dostarczamy szerok\u0105 gam\u0119 wysokowydajnych tekstyli\u00f3w technicznych dla r\u00f3\u017cnych rynk\u00f3w o wysokiej wydajno\u015bci","publisher":{"@id":"https:\/\/baltex.co.uk\/#organization"},"potentialAction":[{"@type":"SearchAction","target":{"@type":"EntryPoint","urlTemplate":"https:\/\/baltex.co.uk\/?s={search_term_string}"},"query-input":{"@type":"PropertyValueSpecification","valueRequired":true,"valueName":"search_term_string"}}],"inLanguage":"pl-PL"},{"@type":"Organization","@id":"https:\/\/baltex.co.uk\/#organization","name":"Baltex","url":"https:\/\/baltex.co.uk\/","logo":{"@type":"ImageObject","inLanguage":"pl-PL","@id":"https:\/\/baltex.co.uk\/#\/schema\/logo\/image\/","url":"https:\/\/baltex.co.uk\/wp-content\/uploads\/2024\/02\/Baltex-Logo-Purple.png","contentUrl":"https:\/\/baltex.co.uk\/wp-content\/uploads\/2024\/02\/Baltex-Logo-Purple.png","width":930,"height":413,"caption":"Baltex"},"image":{"@id":"https:\/\/baltex.co.uk\/#\/schema\/logo\/image\/"}}]}},"_links":{"self":[{"href":"https:\/\/baltex.co.uk\/pl\/wp-json\/wp\/v2\/product\/1536","targetHints":{"allow":["GET"]}}],"collection":[{"href":"https:\/\/baltex.co.uk\/pl\/wp-json\/wp\/v2\/product"}],"about":[{"href":"https:\/\/baltex.co.uk\/pl\/wp-json\/wp\/v2\/types\/product"}],"replies":[{"embeddable":true,"href":"https:\/\/baltex.co.uk\/pl\/wp-json\/wp\/v2\/comments?post=1536"}],"wp:featuredmedia":[{"embeddable":true,"href":"https:\/\/baltex.co.uk\/pl\/wp-json\/wp\/v2\/media\/2301"}],"wp:attachment":[{"href":"https:\/\/baltex.co.uk\/pl\/wp-json\/wp\/v2\/media?parent=1536"}],"wp:term":[{"taxonomy":"product_brand","embeddable":true,"href":"https:\/\/baltex.co.uk\/pl\/wp-json\/wp\/v2\/product_brand?post=1536"},{"taxonomy":"product_cat","embeddable":true,"href":"https:\/\/baltex.co.uk\/pl\/wp-json\/wp\/v2\/product_cat?post=1536"},{"taxonomy":"product_tag","embeddable":true,"href":"https:\/\/baltex.co.uk\/pl\/wp-json\/wp\/v2\/product_tag?post=1536"}],"curies":[{"name":"wp","href":"https:\/\/api.w.org\/{rel}","templated":true}]}}