{"id":1535,"date":"2024-03-08T16:51:54","date_gmt":"2024-03-08T16:51:54","guid":{"rendered":"http:\/\/baltex-development.local\/product\/8900\/"},"modified":"2024-04-09T09:39:20","modified_gmt":"2024-04-09T09:39:20","slug":"8900","status":"publish","type":"product","link":"https:\/\/baltex.co.uk\/pl\/produkt\/8900\/","title":{"rendered":"8900"},"content":{"rendered":"<p><strong>DANE TECHNICZNE<\/strong><\/p>\n<p>JAKO\u015a\u0106 REF: 8900<\/p>\n<p>OPIS TKANiny: SIATKA POLIESTROWA<\/p>\n<p>PRZ\u0118DZA: POLIESTER 100%<\/p>\n<p>KONSTRUKCJA: DZIANINA OSNOWA<\/p>\n<p>KOLOR: PRZESU\u0143 LUB NA ZAM\u00d3WIENIE<\/p>\n<p>SZEROKO\u015a\u0106: 122 \u2013 128 CM<\/p>\n<p>WAGA: 51 \u2013 60 G\/m\u00b2<\/p>\n<p>GRUBO\u015a\u0106 BS EN ISO 5084: 0,21 \u2013 0,31 MM<\/p>\n<p>WYTRZYMA\u0141O\u015a\u0106 NA ROZCI\u0104GANIE BS EN ISO 13934-1: SZEROKO\u015a\u0106 \u2013 MIN. 2,8 Kn D\u0141UGO\u015a\u0106 \u2013 MIN. 2,8 Kn<\/p>\n<p>WYTRZYMA\u0141O\u015a\u0106 NA ROZRUCH BS EN ISO 13938-1: MIN 0,55 Mpa<\/p>\n<p>ROZMIAR SZTUKI: 100M<\/p>\n<p>Informacje podane w tej karcie katalogowej s\u0142u\u017c\u0105 wy\u0142\u0105cznie celom informacyjnym i w \u017caden spos\u00f3b nie stanowi\u0105 specyfikacji. Zastrzegamy sobie prawo do modyfikacji tkanin wed\u0142ug potrzeb klient\u00f3w.<\/p>\n<p>Data wydania: 30.07.2020<\/p>","protected":false},"excerpt":{"rendered":"<p>TECHNICAL DATA QUALITY REF: 8900 FABRIC DESCRIPTION: POLYESTER MESH YARN: 100% POLYESTER CONSTRUCTION: WARP KNIT COLOUR: SCOUR OR TO ORDER WIDTH: 122 &#8211; 128 CM WEIGHT: 51 &#8211; 60 G\/M\u00b2 THICKNESS BS EN ISO 5084: 0.21 &#8211; 0.31 MM TENSILE STRENGTH BS EN ISO 13934-1: WIDTH &#8211; MIN 2.8 Kn LENGTH &#8211; MIN 2.8 Kn [&hellip;]<\/p>\n","protected":false},"featured_media":2300,"comment_status":"open","ping_status":"closed","template":"","meta":{"content-type":"","_monsterinsights_skip_tracking":false,"_monsterinsights_sitenote_active":false,"_monsterinsights_sitenote_note":"","_monsterinsights_sitenote_category":0},"product_brand":[],"product_cat":[27],"product_tag":[],"class_list":{"0":"post-1535","1":"product","2":"type-product","3":"status-publish","4":"has-post-thumbnail","6":"product_cat-net-and-mesh-fabrics","8":"first","9":"instock","10":"shipping-taxable","11":"product-type-simple"},"yoast_head":"<!-- This site is optimized with the Yoast SEO plugin v27.4 - https:\/\/yoast.com\/product\/yoast-seo-wordpress\/ -->\n<title>8900 - Baltex<\/title>\n<meta name=\"robots\" content=\"index, follow, max-snippet:-1, max-image-preview:large, max-video-preview:-1\" \/>\n<link rel=\"canonical\" href=\"https:\/\/baltex.co.uk\/pl\/produkt\/8900\/\" \/>\n<meta property=\"og:locale\" content=\"pl_PL\" \/>\n<meta property=\"og:type\" content=\"article\" \/>\n<meta property=\"og:title\" content=\"8900 - Baltex\" \/>\n<meta property=\"og:description\" content=\"TECHNICAL DATA QUALITY REF: 8900 FABRIC DESCRIPTION: POLYESTER MESH YARN: 100% POLYESTER CONSTRUCTION: WARP KNIT COLOUR: SCOUR OR TO ORDER WIDTH: 122 &#8211; 128 CM WEIGHT: 51 &#8211; 60 G\/M\u00b2 THICKNESS BS EN ISO 5084: 0.21 &#8211; 0.31 MM TENSILE STRENGTH BS EN ISO 13934-1: WIDTH &#8211; MIN 2.8 Kn LENGTH &#8211; MIN 2.8 Kn [&hellip;]\" \/>\n<meta property=\"og:url\" content=\"https:\/\/baltex.co.uk\/pl\/produkt\/8900\/\" \/>\n<meta property=\"og:site_name\" content=\"Baltex\" \/>\n<meta property=\"article:modified_time\" content=\"2024-04-09T09:39:20+00:00\" \/>\n<meta property=\"og:image\" content=\"https:\/\/baltex.co.uk\/wp-content\/uploads\/2024\/03\/8900.jpg\" \/>\n\t<meta property=\"og:image:width\" content=\"934\" \/>\n\t<meta property=\"og:image:height\" content=\"500\" \/>\n\t<meta property=\"og:image:type\" content=\"image\/jpeg\" \/>\n<meta name=\"twitter:card\" content=\"summary_large_image\" \/>\n<meta name=\"twitter:label1\" content=\"Szacowany czas czytania\" \/>\n\t<meta name=\"twitter:data1\" content=\"1 minuta\" \/>\n<script type=\"application\/ld+json\" class=\"yoast-schema-graph\">{\"@context\":\"https:\\\/\\\/schema.org\",\"@graph\":[{\"@type\":\"WebPage\",\"@id\":\"https:\\\/\\\/baltex.co.uk\\\/pl\\\/produkt\\\/8900\\\/\",\"url\":\"https:\\\/\\\/baltex.co.uk\\\/pl\\\/produkt\\\/8900\\\/\",\"name\":\"8900 - Baltex\",\"isPartOf\":{\"@id\":\"https:\\\/\\\/baltex.co.uk\\\/#website\"},\"primaryImageOfPage\":{\"@id\":\"https:\\\/\\\/baltex.co.uk\\\/pl\\\/produkt\\\/8900\\\/#primaryimage\"},\"image\":{\"@id\":\"https:\\\/\\\/baltex.co.uk\\\/pl\\\/produkt\\\/8900\\\/#primaryimage\"},\"thumbnailUrl\":\"https:\\\/\\\/baltex.co.uk\\\/wp-content\\\/uploads\\\/2024\\\/03\\\/8900.jpg\",\"datePublished\":\"2024-03-08T16:51:54+00:00\",\"dateModified\":\"2024-04-09T09:39:20+00:00\",\"breadcrumb\":{\"@id\":\"https:\\\/\\\/baltex.co.uk\\\/pl\\\/produkt\\\/8900\\\/#breadcrumb\"},\"inLanguage\":\"pl-PL\",\"potentialAction\":[{\"@type\":\"ReadAction\",\"target\":[\"https:\\\/\\\/baltex.co.uk\\\/pl\\\/produkt\\\/8900\\\/\"]}]},{\"@type\":\"ImageObject\",\"inLanguage\":\"pl-PL\",\"@id\":\"https:\\\/\\\/baltex.co.uk\\\/pl\\\/produkt\\\/8900\\\/#primaryimage\",\"url\":\"https:\\\/\\\/baltex.co.uk\\\/wp-content\\\/uploads\\\/2024\\\/03\\\/8900.jpg\",\"contentUrl\":\"https:\\\/\\\/baltex.co.uk\\\/wp-content\\\/uploads\\\/2024\\\/03\\\/8900.jpg\",\"width\":934,\"height\":500,\"caption\":\"8900 mesh fabric\"},{\"@type\":\"BreadcrumbList\",\"@id\":\"https:\\\/\\\/baltex.co.uk\\\/pl\\\/produkt\\\/8900\\\/#breadcrumb\",\"itemListElement\":[{\"@type\":\"ListItem\",\"position\":1,\"name\":\"Home\",\"item\":\"https:\\\/\\\/baltex.co.uk\\\/\"},{\"@type\":\"ListItem\",\"position\":2,\"name\":\"Produkty\",\"item\":\"https:\\\/\\\/baltex.co.uk\\\/pl\\\/shop\\\/\"},{\"@type\":\"ListItem\",\"position\":3,\"name\":\"8900\"}]},{\"@type\":\"WebSite\",\"@id\":\"https:\\\/\\\/baltex.co.uk\\\/#website\",\"url\":\"https:\\\/\\\/baltex.co.uk\\\/\",\"name\":\"Baltex\",\"description\":\"We design, manufacture and supply a wide range of high performing technical textiles for a range of high performance markets\",\"publisher\":{\"@id\":\"https:\\\/\\\/baltex.co.uk\\\/#organization\"},\"potentialAction\":[{\"@type\":\"SearchAction\",\"target\":{\"@type\":\"EntryPoint\",\"urlTemplate\":\"https:\\\/\\\/baltex.co.uk\\\/?s={search_term_string}\"},\"query-input\":{\"@type\":\"PropertyValueSpecification\",\"valueRequired\":true,\"valueName\":\"search_term_string\"}}],\"inLanguage\":\"pl-PL\"},{\"@type\":\"Organization\",\"@id\":\"https:\\\/\\\/baltex.co.uk\\\/#organization\",\"name\":\"Baltex\",\"url\":\"https:\\\/\\\/baltex.co.uk\\\/\",\"logo\":{\"@type\":\"ImageObject\",\"inLanguage\":\"pl-PL\",\"@id\":\"https:\\\/\\\/baltex.co.uk\\\/#\\\/schema\\\/logo\\\/image\\\/\",\"url\":\"https:\\\/\\\/baltex.co.uk\\\/wp-content\\\/uploads\\\/2024\\\/02\\\/Baltex-Logo-Purple.png\",\"contentUrl\":\"https:\\\/\\\/baltex.co.uk\\\/wp-content\\\/uploads\\\/2024\\\/02\\\/Baltex-Logo-Purple.png\",\"width\":930,\"height\":413,\"caption\":\"Baltex\"},\"image\":{\"@id\":\"https:\\\/\\\/baltex.co.uk\\\/#\\\/schema\\\/logo\\\/image\\\/\"}}]}<\/script>\n<!-- \/ Yoast SEO plugin. -->","yoast_head_json":{"title":"8900 - Baltex","robots":{"index":"index","follow":"follow","max-snippet":"max-snippet:-1","max-image-preview":"max-image-preview:large","max-video-preview":"max-video-preview:-1"},"canonical":"https:\/\/baltex.co.uk\/pl\/produkt\/8900\/","og_locale":"pl_PL","og_type":"article","og_title":"8900 - Baltex","og_description":"TECHNICAL DATA QUALITY REF: 8900 FABRIC DESCRIPTION: POLYESTER MESH YARN: 100% POLYESTER CONSTRUCTION: WARP KNIT COLOUR: SCOUR OR TO ORDER WIDTH: 122 &#8211; 128 CM WEIGHT: 51 &#8211; 60 G\/M\u00b2 THICKNESS BS EN ISO 5084: 0.21 &#8211; 0.31 MM TENSILE STRENGTH BS EN ISO 13934-1: WIDTH &#8211; MIN 2.8 Kn LENGTH &#8211; MIN 2.8 Kn [&hellip;]","og_url":"https:\/\/baltex.co.uk\/pl\/produkt\/8900\/","og_site_name":"Baltex","article_modified_time":"2024-04-09T09:39:20+00:00","og_image":[{"width":934,"height":500,"url":"https:\/\/baltex.co.uk\/wp-content\/uploads\/2024\/03\/8900.jpg","type":"image\/jpeg"}],"twitter_card":"summary_large_image","twitter_misc":{"Szacowany czas czytania":"1 minuta"},"schema":{"@context":"https:\/\/schema.org","@graph":[{"@type":"WebPage","@id":"https:\/\/baltex.co.uk\/pl\/produkt\/8900\/","url":"https:\/\/baltex.co.uk\/pl\/produkt\/8900\/","name":"8900 - Baltex","isPartOf":{"@id":"https:\/\/baltex.co.uk\/#website"},"primaryImageOfPage":{"@id":"https:\/\/baltex.co.uk\/pl\/produkt\/8900\/#primaryimage"},"image":{"@id":"https:\/\/baltex.co.uk\/pl\/produkt\/8900\/#primaryimage"},"thumbnailUrl":"https:\/\/baltex.co.uk\/wp-content\/uploads\/2024\/03\/8900.jpg","datePublished":"2024-03-08T16:51:54+00:00","dateModified":"2024-04-09T09:39:20+00:00","breadcrumb":{"@id":"https:\/\/baltex.co.uk\/pl\/produkt\/8900\/#breadcrumb"},"inLanguage":"pl-PL","potentialAction":[{"@type":"ReadAction","target":["https:\/\/baltex.co.uk\/pl\/produkt\/8900\/"]}]},{"@type":"ImageObject","inLanguage":"pl-PL","@id":"https:\/\/baltex.co.uk\/pl\/produkt\/8900\/#primaryimage","url":"https:\/\/baltex.co.uk\/wp-content\/uploads\/2024\/03\/8900.jpg","contentUrl":"https:\/\/baltex.co.uk\/wp-content\/uploads\/2024\/03\/8900.jpg","width":934,"height":500,"caption":"8900 mesh fabric"},{"@type":"BreadcrumbList","@id":"https:\/\/baltex.co.uk\/pl\/produkt\/8900\/#breadcrumb","itemListElement":[{"@type":"ListItem","position":1,"name":"Home","item":"https:\/\/baltex.co.uk\/"},{"@type":"ListItem","position":2,"name":"Produkty","item":"https:\/\/baltex.co.uk\/pl\/shop\/"},{"@type":"ListItem","position":3,"name":"8900"}]},{"@type":"WebSite","@id":"https:\/\/baltex.co.uk\/#website","url":"https:\/\/baltex.co.uk\/","name":"Baltex","description":"Projektujemy, produkujemy i dostarczamy szerok\u0105 gam\u0119 wysokowydajnych tekstyli\u00f3w technicznych dla r\u00f3\u017cnych rynk\u00f3w o wysokiej wydajno\u015bci","publisher":{"@id":"https:\/\/baltex.co.uk\/#organization"},"potentialAction":[{"@type":"SearchAction","target":{"@type":"EntryPoint","urlTemplate":"https:\/\/baltex.co.uk\/?s={search_term_string}"},"query-input":{"@type":"PropertyValueSpecification","valueRequired":true,"valueName":"search_term_string"}}],"inLanguage":"pl-PL"},{"@type":"Organization","@id":"https:\/\/baltex.co.uk\/#organization","name":"Baltex","url":"https:\/\/baltex.co.uk\/","logo":{"@type":"ImageObject","inLanguage":"pl-PL","@id":"https:\/\/baltex.co.uk\/#\/schema\/logo\/image\/","url":"https:\/\/baltex.co.uk\/wp-content\/uploads\/2024\/02\/Baltex-Logo-Purple.png","contentUrl":"https:\/\/baltex.co.uk\/wp-content\/uploads\/2024\/02\/Baltex-Logo-Purple.png","width":930,"height":413,"caption":"Baltex"},"image":{"@id":"https:\/\/baltex.co.uk\/#\/schema\/logo\/image\/"}}]}},"_links":{"self":[{"href":"https:\/\/baltex.co.uk\/pl\/wp-json\/wp\/v2\/product\/1535","targetHints":{"allow":["GET"]}}],"collection":[{"href":"https:\/\/baltex.co.uk\/pl\/wp-json\/wp\/v2\/product"}],"about":[{"href":"https:\/\/baltex.co.uk\/pl\/wp-json\/wp\/v2\/types\/product"}],"replies":[{"embeddable":true,"href":"https:\/\/baltex.co.uk\/pl\/wp-json\/wp\/v2\/comments?post=1535"}],"wp:featuredmedia":[{"embeddable":true,"href":"https:\/\/baltex.co.uk\/pl\/wp-json\/wp\/v2\/media\/2300"}],"wp:attachment":[{"href":"https:\/\/baltex.co.uk\/pl\/wp-json\/wp\/v2\/media?parent=1535"}],"wp:term":[{"taxonomy":"product_brand","embeddable":true,"href":"https:\/\/baltex.co.uk\/pl\/wp-json\/wp\/v2\/product_brand?post=1535"},{"taxonomy":"product_cat","embeddable":true,"href":"https:\/\/baltex.co.uk\/pl\/wp-json\/wp\/v2\/product_cat?post=1535"},{"taxonomy":"product_tag","embeddable":true,"href":"https:\/\/baltex.co.uk\/pl\/wp-json\/wp\/v2\/product_tag?post=1535"}],"curies":[{"name":"wp","href":"https:\/\/api.w.org\/{rel}","templated":true}]}}