{"id":1532,"date":"2024-03-08T16:51:54","date_gmt":"2024-03-08T16:51:54","guid":{"rendered":"http:\/\/baltex-development.local\/product\/6580\/"},"modified":"2024-04-09T09:36:37","modified_gmt":"2024-04-09T09:36:37","slug":"6580","status":"publish","type":"product","link":"https:\/\/baltex.co.uk\/pl\/produkt\/6580\/","title":{"rendered":"6580"},"content":{"rendered":"<p><strong>DANE TECHNICZNE<\/strong><\/p>\n<p>JAKO\u015a\u0106 REF: 6580<\/p>\n<p>OPIS TKANiny: SIATKA POLIESTROWA<\/p>\n<p>PRZ\u0118DZA: POLIESTER 100%<\/p>\n<p>KONSTRUKCJA: DZIANINA OSNOWA<\/p>\n<p>KOLOR: PRZESU\u0143 LUB NA ZAM\u00d3WIENIE<\/p>\n<p>SZEROKO\u015a\u0106: MIN. 92<\/p>\n<p>WAGA: 189 \u2013 229 G\/m\u00b2<\/p>\n<p>GRUBO\u015a\u0106 BS EN ISO 5084: 0,48 \u2013 0,84 MM<\/p>\n<p>WYTRZYMA\u0141O\u015a\u0106 NA ROZCI\u0104GANIE BS EN ISO 13934-1: SZEROKO\u015a\u0106 \u2013 MIN. 55 DAN D\u0141UGO\u015a\u0106 \u2013 MIN. 55 DAN<\/p>\n<p>WYTRZYMA\u0141O\u015a\u0106 NA ROZRUCH BS EN ISO 13938-1: MIN 10 BAR<\/p>\n<p>ROZMIAR SZTUKI: 60M<\/p>\n<p>Informacje podane w tej karcie katalogowej s\u0142u\u017c\u0105 wy\u0142\u0105cznie celom informacyjnym i w \u017caden spos\u00f3b nie stanowi\u0105 specyfikacji. Zastrzegamy sobie prawo do modyfikacji tkanin wed\u0142ug potrzeb klient\u00f3w.<\/p>\n<p>Data wydania: 10.09.2020<\/p>","protected":false},"excerpt":{"rendered":"<p>TECHNICAL DATA QUALITY REF: 6580 FABRIC DESCRIPTION: POLYESTER MESH YARN: 100% POLYESTER CONSTRUCTION: WARP KNIT COLOUR: SCOUR OR TO ORDER WIDTH: MIN 92 WEIGHT: 189 &#8211; 229 G\/M\u00b2 THICKNESS BS EN ISO 5084: 0.48 &#8211; 0.84 MM TENSILE STRENGTH BS EN ISO 13934-1: WIDTH &#8211; MIN 55 DAN LENGTH &#8211; MIN 55 DAN BURST STRENGTH [&hellip;]<\/p>\n","protected":false},"featured_media":2297,"comment_status":"open","ping_status":"closed","template":"","meta":{"content-type":"","_monsterinsights_skip_tracking":false,"_monsterinsights_sitenote_active":false,"_monsterinsights_sitenote_note":"","_monsterinsights_sitenote_category":0},"product_brand":[],"product_cat":[27],"product_tag":[],"class_list":{"0":"post-1532","1":"product","2":"type-product","3":"status-publish","4":"has-post-thumbnail","6":"product_cat-net-and-mesh-fabrics","8":"first","9":"instock","10":"shipping-taxable","11":"product-type-simple"},"yoast_head":"<!-- This site is optimized with the Yoast SEO plugin v27.4 - https:\/\/yoast.com\/product\/yoast-seo-wordpress\/ -->\n<title>6580 - Baltex<\/title>\n<meta name=\"robots\" content=\"index, follow, max-snippet:-1, max-image-preview:large, max-video-preview:-1\" \/>\n<link rel=\"canonical\" href=\"https:\/\/baltex.co.uk\/pl\/produkt\/6580\/\" \/>\n<meta property=\"og:locale\" content=\"pl_PL\" \/>\n<meta property=\"og:type\" content=\"article\" \/>\n<meta property=\"og:title\" content=\"6580 - Baltex\" \/>\n<meta property=\"og:description\" content=\"TECHNICAL DATA QUALITY REF: 6580 FABRIC DESCRIPTION: POLYESTER MESH YARN: 100% POLYESTER CONSTRUCTION: WARP KNIT COLOUR: SCOUR OR TO ORDER WIDTH: MIN 92 WEIGHT: 189 &#8211; 229 G\/M\u00b2 THICKNESS BS EN ISO 5084: 0.48 &#8211; 0.84 MM TENSILE STRENGTH BS EN ISO 13934-1: WIDTH &#8211; MIN 55 DAN LENGTH &#8211; MIN 55 DAN BURST STRENGTH [&hellip;]\" \/>\n<meta property=\"og:url\" content=\"https:\/\/baltex.co.uk\/pl\/produkt\/6580\/\" \/>\n<meta property=\"og:site_name\" content=\"Baltex\" \/>\n<meta property=\"article:modified_time\" content=\"2024-04-09T09:36:37+00:00\" \/>\n<meta property=\"og:image\" content=\"https:\/\/baltex.co.uk\/wp-content\/uploads\/2024\/03\/6580-Silver-4.jpeg\" \/>\n\t<meta property=\"og:image:width\" content=\"1000\" \/>\n\t<meta property=\"og:image:height\" content=\"750\" \/>\n\t<meta property=\"og:image:type\" content=\"image\/jpeg\" \/>\n<meta name=\"twitter:card\" content=\"summary_large_image\" \/>\n<meta name=\"twitter:label1\" content=\"Szacowany czas czytania\" \/>\n\t<meta name=\"twitter:data1\" content=\"1 minuta\" \/>\n<script type=\"application\/ld+json\" class=\"yoast-schema-graph\">{\"@context\":\"https:\\\/\\\/schema.org\",\"@graph\":[{\"@type\":\"WebPage\",\"@id\":\"https:\\\/\\\/baltex.co.uk\\\/pl\\\/produkt\\\/6580\\\/\",\"url\":\"https:\\\/\\\/baltex.co.uk\\\/pl\\\/produkt\\\/6580\\\/\",\"name\":\"6580 - Baltex\",\"isPartOf\":{\"@id\":\"https:\\\/\\\/baltex.co.uk\\\/#website\"},\"primaryImageOfPage\":{\"@id\":\"https:\\\/\\\/baltex.co.uk\\\/pl\\\/produkt\\\/6580\\\/#primaryimage\"},\"image\":{\"@id\":\"https:\\\/\\\/baltex.co.uk\\\/pl\\\/produkt\\\/6580\\\/#primaryimage\"},\"thumbnailUrl\":\"https:\\\/\\\/baltex.co.uk\\\/wp-content\\\/uploads\\\/2024\\\/03\\\/6580-Silver-4.jpeg\",\"datePublished\":\"2024-03-08T16:51:54+00:00\",\"dateModified\":\"2024-04-09T09:36:37+00:00\",\"breadcrumb\":{\"@id\":\"https:\\\/\\\/baltex.co.uk\\\/pl\\\/produkt\\\/6580\\\/#breadcrumb\"},\"inLanguage\":\"pl-PL\",\"potentialAction\":[{\"@type\":\"ReadAction\",\"target\":[\"https:\\\/\\\/baltex.co.uk\\\/pl\\\/produkt\\\/6580\\\/\"]}]},{\"@type\":\"ImageObject\",\"inLanguage\":\"pl-PL\",\"@id\":\"https:\\\/\\\/baltex.co.uk\\\/pl\\\/produkt\\\/6580\\\/#primaryimage\",\"url\":\"https:\\\/\\\/baltex.co.uk\\\/wp-content\\\/uploads\\\/2024\\\/03\\\/6580-Silver-4.jpeg\",\"contentUrl\":\"https:\\\/\\\/baltex.co.uk\\\/wp-content\\\/uploads\\\/2024\\\/03\\\/6580-Silver-4.jpeg\",\"width\":1000,\"height\":750,\"caption\":\"6580 fabric\"},{\"@type\":\"BreadcrumbList\",\"@id\":\"https:\\\/\\\/baltex.co.uk\\\/pl\\\/produkt\\\/6580\\\/#breadcrumb\",\"itemListElement\":[{\"@type\":\"ListItem\",\"position\":1,\"name\":\"Home\",\"item\":\"https:\\\/\\\/baltex.co.uk\\\/\"},{\"@type\":\"ListItem\",\"position\":2,\"name\":\"Produkty\",\"item\":\"https:\\\/\\\/baltex.co.uk\\\/pl\\\/shop\\\/\"},{\"@type\":\"ListItem\",\"position\":3,\"name\":\"6580\"}]},{\"@type\":\"WebSite\",\"@id\":\"https:\\\/\\\/baltex.co.uk\\\/#website\",\"url\":\"https:\\\/\\\/baltex.co.uk\\\/\",\"name\":\"Baltex\",\"description\":\"We design, manufacture and supply a wide range of high performing technical textiles for a range of high performance markets\",\"publisher\":{\"@id\":\"https:\\\/\\\/baltex.co.uk\\\/#organization\"},\"potentialAction\":[{\"@type\":\"SearchAction\",\"target\":{\"@type\":\"EntryPoint\",\"urlTemplate\":\"https:\\\/\\\/baltex.co.uk\\\/?s={search_term_string}\"},\"query-input\":{\"@type\":\"PropertyValueSpecification\",\"valueRequired\":true,\"valueName\":\"search_term_string\"}}],\"inLanguage\":\"pl-PL\"},{\"@type\":\"Organization\",\"@id\":\"https:\\\/\\\/baltex.co.uk\\\/#organization\",\"name\":\"Baltex\",\"url\":\"https:\\\/\\\/baltex.co.uk\\\/\",\"logo\":{\"@type\":\"ImageObject\",\"inLanguage\":\"pl-PL\",\"@id\":\"https:\\\/\\\/baltex.co.uk\\\/#\\\/schema\\\/logo\\\/image\\\/\",\"url\":\"https:\\\/\\\/baltex.co.uk\\\/wp-content\\\/uploads\\\/2024\\\/02\\\/Baltex-Logo-Purple.png\",\"contentUrl\":\"https:\\\/\\\/baltex.co.uk\\\/wp-content\\\/uploads\\\/2024\\\/02\\\/Baltex-Logo-Purple.png\",\"width\":930,\"height\":413,\"caption\":\"Baltex\"},\"image\":{\"@id\":\"https:\\\/\\\/baltex.co.uk\\\/#\\\/schema\\\/logo\\\/image\\\/\"}}]}<\/script>\n<!-- \/ Yoast SEO plugin. -->","yoast_head_json":{"title":"6580 - Baltex","robots":{"index":"index","follow":"follow","max-snippet":"max-snippet:-1","max-image-preview":"max-image-preview:large","max-video-preview":"max-video-preview:-1"},"canonical":"https:\/\/baltex.co.uk\/pl\/produkt\/6580\/","og_locale":"pl_PL","og_type":"article","og_title":"6580 - Baltex","og_description":"TECHNICAL DATA QUALITY REF: 6580 FABRIC DESCRIPTION: POLYESTER MESH YARN: 100% POLYESTER CONSTRUCTION: WARP KNIT COLOUR: SCOUR OR TO ORDER WIDTH: MIN 92 WEIGHT: 189 &#8211; 229 G\/M\u00b2 THICKNESS BS EN ISO 5084: 0.48 &#8211; 0.84 MM TENSILE STRENGTH BS EN ISO 13934-1: WIDTH &#8211; MIN 55 DAN LENGTH &#8211; MIN 55 DAN BURST STRENGTH [&hellip;]","og_url":"https:\/\/baltex.co.uk\/pl\/produkt\/6580\/","og_site_name":"Baltex","article_modified_time":"2024-04-09T09:36:37+00:00","og_image":[{"width":1000,"height":750,"url":"https:\/\/baltex.co.uk\/wp-content\/uploads\/2024\/03\/6580-Silver-4.jpeg","type":"image\/jpeg"}],"twitter_card":"summary_large_image","twitter_misc":{"Szacowany czas czytania":"1 minuta"},"schema":{"@context":"https:\/\/schema.org","@graph":[{"@type":"WebPage","@id":"https:\/\/baltex.co.uk\/pl\/produkt\/6580\/","url":"https:\/\/baltex.co.uk\/pl\/produkt\/6580\/","name":"6580 - Baltex","isPartOf":{"@id":"https:\/\/baltex.co.uk\/#website"},"primaryImageOfPage":{"@id":"https:\/\/baltex.co.uk\/pl\/produkt\/6580\/#primaryimage"},"image":{"@id":"https:\/\/baltex.co.uk\/pl\/produkt\/6580\/#primaryimage"},"thumbnailUrl":"https:\/\/baltex.co.uk\/wp-content\/uploads\/2024\/03\/6580-Silver-4.jpeg","datePublished":"2024-03-08T16:51:54+00:00","dateModified":"2024-04-09T09:36:37+00:00","breadcrumb":{"@id":"https:\/\/baltex.co.uk\/pl\/produkt\/6580\/#breadcrumb"},"inLanguage":"pl-PL","potentialAction":[{"@type":"ReadAction","target":["https:\/\/baltex.co.uk\/pl\/produkt\/6580\/"]}]},{"@type":"ImageObject","inLanguage":"pl-PL","@id":"https:\/\/baltex.co.uk\/pl\/produkt\/6580\/#primaryimage","url":"https:\/\/baltex.co.uk\/wp-content\/uploads\/2024\/03\/6580-Silver-4.jpeg","contentUrl":"https:\/\/baltex.co.uk\/wp-content\/uploads\/2024\/03\/6580-Silver-4.jpeg","width":1000,"height":750,"caption":"6580 fabric"},{"@type":"BreadcrumbList","@id":"https:\/\/baltex.co.uk\/pl\/produkt\/6580\/#breadcrumb","itemListElement":[{"@type":"ListItem","position":1,"name":"Home","item":"https:\/\/baltex.co.uk\/"},{"@type":"ListItem","position":2,"name":"Produkty","item":"https:\/\/baltex.co.uk\/pl\/shop\/"},{"@type":"ListItem","position":3,"name":"6580"}]},{"@type":"WebSite","@id":"https:\/\/baltex.co.uk\/#website","url":"https:\/\/baltex.co.uk\/","name":"Baltex","description":"Projektujemy, produkujemy i dostarczamy szerok\u0105 gam\u0119 wysokowydajnych tekstyli\u00f3w technicznych dla r\u00f3\u017cnych rynk\u00f3w o wysokiej wydajno\u015bci","publisher":{"@id":"https:\/\/baltex.co.uk\/#organization"},"potentialAction":[{"@type":"SearchAction","target":{"@type":"EntryPoint","urlTemplate":"https:\/\/baltex.co.uk\/?s={search_term_string}"},"query-input":{"@type":"PropertyValueSpecification","valueRequired":true,"valueName":"search_term_string"}}],"inLanguage":"pl-PL"},{"@type":"Organization","@id":"https:\/\/baltex.co.uk\/#organization","name":"Baltex","url":"https:\/\/baltex.co.uk\/","logo":{"@type":"ImageObject","inLanguage":"pl-PL","@id":"https:\/\/baltex.co.uk\/#\/schema\/logo\/image\/","url":"https:\/\/baltex.co.uk\/wp-content\/uploads\/2024\/02\/Baltex-Logo-Purple.png","contentUrl":"https:\/\/baltex.co.uk\/wp-content\/uploads\/2024\/02\/Baltex-Logo-Purple.png","width":930,"height":413,"caption":"Baltex"},"image":{"@id":"https:\/\/baltex.co.uk\/#\/schema\/logo\/image\/"}}]}},"_links":{"self":[{"href":"https:\/\/baltex.co.uk\/pl\/wp-json\/wp\/v2\/product\/1532","targetHints":{"allow":["GET"]}}],"collection":[{"href":"https:\/\/baltex.co.uk\/pl\/wp-json\/wp\/v2\/product"}],"about":[{"href":"https:\/\/baltex.co.uk\/pl\/wp-json\/wp\/v2\/types\/product"}],"replies":[{"embeddable":true,"href":"https:\/\/baltex.co.uk\/pl\/wp-json\/wp\/v2\/comments?post=1532"}],"wp:featuredmedia":[{"embeddable":true,"href":"https:\/\/baltex.co.uk\/pl\/wp-json\/wp\/v2\/media\/2297"}],"wp:attachment":[{"href":"https:\/\/baltex.co.uk\/pl\/wp-json\/wp\/v2\/media?parent=1532"}],"wp:term":[{"taxonomy":"product_brand","embeddable":true,"href":"https:\/\/baltex.co.uk\/pl\/wp-json\/wp\/v2\/product_brand?post=1532"},{"taxonomy":"product_cat","embeddable":true,"href":"https:\/\/baltex.co.uk\/pl\/wp-json\/wp\/v2\/product_cat?post=1532"},{"taxonomy":"product_tag","embeddable":true,"href":"https:\/\/baltex.co.uk\/pl\/wp-json\/wp\/v2\/product_tag?post=1532"}],"curies":[{"name":"wp","href":"https:\/\/api.w.org\/{rel}","templated":true}]}}