{"id":4127,"date":"2026-04-20T13:07:10","date_gmt":"2026-04-20T13:07:10","guid":{"rendered":"https:\/\/baltex.co.uk\/?page_id=4127"},"modified":"2026-04-20T13:11:03","modified_gmt":"2026-04-20T13:11:03","slug":"filtration","status":"publish","type":"page","link":"https:\/\/baltex.co.uk\/pl\/markets\/filtration\/","title":{"rendered":"Filtrowanie"},"content":{"rendered":"<div data-elementor-type=\"wp-page\" data-elementor-id=\"4127\" class=\"elementor elementor-4127\" data-elementor-post-type=\"page\">\n\t\t\t\t<div class=\"elementor-element elementor-element-12515969 e-flex e-con-boxed e-con e-parent\" data-id=\"12515969\" data-element_type=\"container\" data-e-type=\"container\" data-settings=\"{&quot;background_background&quot;:&quot;classic&quot;}\">\n\t\t\t\t\t<div class=\"e-con-inner\">\n\t\t<div class=\"elementor-element elementor-element-de0de20 e-con-full e-flex e-con e-child\" data-id=\"de0de20\" data-element_type=\"container\" data-e-type=\"container\">\n\t\t\t\t<div class=\"elementor-element elementor-element-30cb827d elementor-widget__width-auto elementor-invisible elementor-widget elementor-widget-heading\" data-id=\"30cb827d\" data-element_type=\"widget\" data-e-type=\"widget\" data-settings=\"{&quot;_animation&quot;:&quot;fadeInLeft&quot;}\" data-widget_type=\"heading.default\">\n\t\t\t\t<div class=\"elementor-widget-container\">\n\t\t\t\t\t<h2 class=\"elementor-heading-title elementor-size-default\">Filtrowanie<\/h2>\t\t\t\t<\/div>\n\t\t\t\t<\/div>\n\t\t\t\t<div class=\"elementor-element elementor-element-390c9280 elementor-invisible elementor-widget elementor-widget-text-editor\" data-id=\"390c9280\" data-element_type=\"widget\" data-e-type=\"widget\" data-settings=\"{&quot;_animation&quot;:&quot;fadeIn&quot;,&quot;_animation_delay&quot;:1080}\" data-widget_type=\"text-editor.default\">\n\t\t\t\t<div class=\"elementor-widget-container\">\n\t\t\t\t\t\t\t\t\t<p>The finest techniques for the most exacting applications<\/p>\t\t\t\t\t\t\t\t<\/div>\n\t\t\t\t<\/div>\n\t\t\t\t<\/div>\n\t\t\t\t\t<\/div>\n\t\t\t\t<\/div>\n\t\t<div class=\"elementor-element elementor-element-362ee135 e-flex e-con-boxed e-con e-parent\" data-id=\"362ee135\" data-element_type=\"container\" data-e-type=\"container\">\n\t\t\t\t\t<div class=\"e-con-inner\">\n\t\t<div class=\"elementor-element elementor-element-193643ce e-con-full e-flex e-con e-child\" data-id=\"193643ce\" data-element_type=\"container\" data-e-type=\"container\">\n\t\t\t\t<div class=\"elementor-element elementor-element-6d7dcddf elementor-invisible elementor-widget elementor-widget-heading\" data-id=\"6d7dcddf\" data-element_type=\"widget\" data-e-type=\"widget\" data-settings=\"{&quot;_animation&quot;:&quot;fadeInUp&quot;}\" data-widget_type=\"heading.default\">\n\t\t\t\t<div class=\"elementor-widget-container\">\n\t\t\t\t\t<h2 class=\"elementor-heading-title elementor-size-default\">Je\u015bli liczy si\u0119 precyzja, wybierz Baltex<\/h2>\t\t\t\t<\/div>\n\t\t\t\t<\/div>\n\t\t\t\t<div class=\"elementor-element elementor-element-2715a1dd elementor-widget elementor-widget-text-editor\" data-id=\"2715a1dd\" data-element_type=\"widget\" data-e-type=\"widget\" data-widget_type=\"text-editor.default\">\n\t\t\t\t<div class=\"elementor-widget-container\">\n\t\t\t\t\t\t\t\t\t<p>Highly-technical filtration markets require incredible attention to detail, technical know-how, and quality safeguards. Baltex delivers. Our track record of product development partnerships, exceeding stringent certifications, and knitted fabric excellence set us apart in serving filtration applications.<\/p><p>Ask our team about our filtration solutions today. <\/p>\t\t\t\t\t\t\t\t<\/div>\n\t\t\t\t<\/div>\n\t\t\t\t<\/div>\n\t\t<div class=\"elementor-element elementor-element-5e2e4a59 e-con-full e-flex e-con e-child\" data-id=\"5e2e4a59\" data-element_type=\"container\" data-e-type=\"container\">\n\t\t<div class=\"elementor-element elementor-element-80b3a45 e-con-full e-flex e-con e-child\" data-id=\"80b3a45\" data-element_type=\"container\" data-e-type=\"container\" data-settings=\"{&quot;background_background&quot;:&quot;classic&quot;}\">\n\t\t\t\t<div class=\"elementor-element elementor-element-52549406 elementor-widget elementor-widget-heading\" data-id=\"52549406\" data-element_type=\"widget\" data-e-type=\"widget\" data-widget_type=\"heading.default\">\n\t\t\t\t<div class=\"elementor-widget-container\">\n\t\t\t\t\t<h2 class=\"elementor-heading-title elementor-size-default\">Poznaj przewag\u0119 Baltex<\/h2>\t\t\t\t<\/div>\n\t\t\t\t<\/div>\n\t\t\t\t<div class=\"elementor-element elementor-element-6b1b35db elementor-widget elementor-widget-text-editor\" data-id=\"6b1b35db\" data-element_type=\"widget\" data-e-type=\"widget\" data-widget_type=\"text-editor.default\">\n\t\t\t\t<div class=\"elementor-widget-container\">\n\t\t\t\t\t\t\t\t\t<p>Discover how our technical textiles can elevate your applications.<\/p>\t\t\t\t\t\t\t\t<\/div>\n\t\t\t\t<\/div>\n\t\t\t\t<div class=\"elementor-element elementor-element-7a89ddd1 elementor-widget elementor-widget-hubspot-form\" data-id=\"7a89ddd1\" data-element_type=\"widget\" data-e-type=\"widget\" data-widget_type=\"hubspot-form.default\">\n\t\t\t\t<div class=\"elementor-widget-container\">\n\t\t\t\t\t\n\t\t\t\t\t\t<script>\n\t\t\t\t\t\t\twindow.hsFormsOnReady = window.hsFormsOnReady || [];\n\t\t\t\t\t\t\twindow.hsFormsOnReady.push(()=>{\n\t\t\t\t\t\t\t\thbspt.forms.create({\n\t\t\t\t\t\t\t\t\tportalId: 139517006,\n\t\t\t\t\t\t\t\t\tformId: \"e0fbe87f-fee1-43c0-bbff-f66badb8ac4e\",\n\t\t\t\t\t\t\t\t\ttarget: \"#hbspt-form-1776711725000-9313961798\",\n\t\t\t\t\t\t\t\t\tregion: \"eu1\",\n\t\t\t\t\t\t\t\t\t\n\t\t\t\t\t\t\t})});\n\t\t\t\t\t\t<\/script>\n\t\t\t\t\t\t<div class=\"hbspt-form\" id=\"hbspt-form-1776711725000-9313961798\"><\/div>\t\t\t\t<\/div>\n\t\t\t\t<\/div>\n\t\t\t\t<\/div>\n\t\t\t\t<\/div>\n\t\t\t\t\t<\/div>\n\t\t\t\t<\/div>\n\t\t<div class=\"elementor-element elementor-element-3b310a49 e-flex e-con-boxed e-con e-parent\" data-id=\"3b310a49\" data-element_type=\"container\" data-e-type=\"container\" data-settings=\"{&quot;background_background&quot;:&quot;classic&quot;}\">\n\t\t\t\t\t<div class=\"e-con-inner\">\n\t\t<div class=\"elementor-element elementor-element-510b13d2 e-con-full e-flex elementor-invisible e-con e-child\" data-id=\"510b13d2\" data-element_type=\"container\" data-e-type=\"container\" data-settings=\"{&quot;animation&quot;:&quot;fadeIn&quot;,&quot;animation_delay&quot;:360}\">\n\t\t\t\t<div class=\"elementor-element elementor-element-3edf9828 elementor-widget elementor-widget-heading\" data-id=\"3edf9828\" data-element_type=\"widget\" data-e-type=\"widget\" data-widget_type=\"heading.default\">\n\t\t\t\t<div class=\"elementor-widget-container\">\n\t\t\t\t\t<h2 class=\"elementor-heading-title elementor-size-default\">Poznaj przewag\u0119 Baltex<\/h2>\t\t\t\t<\/div>\n\t\t\t\t<\/div>\n\t\t\t\t<div class=\"elementor-element elementor-element-422429bd elementor-widget elementor-widget-text-editor\" data-id=\"422429bd\" data-element_type=\"widget\" data-e-type=\"widget\" data-widget_type=\"text-editor.default\">\n\t\t\t\t<div class=\"elementor-widget-container\">\n\t\t\t\t\t\t\t\t\t<p>Experience the Baltex advantage and discover how our technical textiles can elevate your applications. Contact us today to discuss your specific requirements.<\/p>\t\t\t\t\t\t\t\t<\/div>\n\t\t\t\t<\/div>\n\t\t\t\t<div class=\"elementor-element elementor-element-49d33fe4 elementor-widget elementor-widget-hubspot-form\" data-id=\"49d33fe4\" data-element_type=\"widget\" data-e-type=\"widget\" data-widget_type=\"hubspot-form.default\">\n\t\t\t\t<div class=\"elementor-widget-container\">\n\t\t\t\t\t\n\t\t\t\t\t\t<script>\n\t\t\t\t\t\t\twindow.hsFormsOnReady = window.hsFormsOnReady || [];\n\t\t\t\t\t\t\twindow.hsFormsOnReady.push(()=>{\n\t\t\t\t\t\t\t\thbspt.forms.create({\n\t\t\t\t\t\t\t\t\tportalId: 139517006,\n\t\t\t\t\t\t\t\t\tformId: \"b0e56479-ea72-4831-add0-c390339ec308\",\n\t\t\t\t\t\t\t\t\ttarget: \"#hbspt-form-1776711725000-1735566129\",\n\t\t\t\t\t\t\t\t\tregion: \"eu1\",\n\t\t\t\t\t\t\t\t\t\n\t\t\t\t\t\t\t})});\n\t\t\t\t\t\t<\/script>\n\t\t\t\t\t\t<div class=\"hbspt-form\" id=\"hbspt-form-1776711725000-1735566129\"><\/div>\t\t\t\t<\/div>\n\t\t\t\t<\/div>\n\t\t\t\t<\/div>\n\t\t\t\t\t<\/div>\n\t\t\t\t<\/div>\n\t\t\t\t<\/div>","protected":false},"excerpt":{"rendered":"<p>Filtration The finest techniques for the most exacting applications When precision matters, choose Baltex Highly-technical filtration markets require incredible attention to detail, technical know-how, and quality safeguards. Baltex delivers. Our track record of product development partnerships, exceeding stringent certifications, and knitted fabric excellence set us apart in serving filtration applications. Ask our team about our [&hellip;]<\/p>\n","protected":false},"author":1,"featured_media":417,"parent":890,"menu_order":0,"comment_status":"closed","ping_status":"closed","template":"","meta":{"content-type":"","_monsterinsights_skip_tracking":false,"_monsterinsights_sitenote_active":false,"_monsterinsights_sitenote_note":"","_monsterinsights_sitenote_category":0,"footnotes":""},"class_list":["post-4127","page","type-page","status-publish","has-post-thumbnail","hentry"],"yoast_head":"<!-- This site is optimized with the Yoast SEO plugin v27.4 - https:\/\/yoast.com\/product\/yoast-seo-wordpress\/ -->\n<title>Filtration - Baltex<\/title>\n<meta name=\"robots\" content=\"index, follow, max-snippet:-1, max-image-preview:large, max-video-preview:-1\" \/>\n<link rel=\"canonical\" href=\"https:\/\/baltex.co.uk\/pl\/markets\/filtration\/\" \/>\n<meta property=\"og:locale\" content=\"pl_PL\" \/>\n<meta property=\"og:type\" content=\"article\" \/>\n<meta property=\"og:title\" content=\"Filtration - Baltex\" \/>\n<meta property=\"og:description\" content=\"Filtration The finest techniques for the most exacting applications When precision matters, choose Baltex Highly-technical filtration markets require incredible attention to detail, technical know-how, and quality safeguards. Baltex delivers. Our track record of product development partnerships, exceeding stringent certifications, and knitted fabric excellence set us apart in serving filtration applications. Ask our team about our [&hellip;]\" \/>\n<meta property=\"og:url\" content=\"https:\/\/baltex.co.uk\/pl\/markets\/filtration\/\" \/>\n<meta property=\"og:site_name\" content=\"Baltex\" \/>\n<meta property=\"article:modified_time\" content=\"2026-04-20T13:11:03+00:00\" \/>\n<meta property=\"og:image\" content=\"https:\/\/baltex.co.uk\/wp-content\/uploads\/2024\/02\/Office-Furniture-from-Aga.png\" \/>\n\t<meta property=\"og:image:width\" content=\"512\" \/>\n\t<meta property=\"og:image:height\" content=\"285\" \/>\n\t<meta property=\"og:image:type\" content=\"image\/png\" \/>\n<meta name=\"twitter:card\" content=\"summary_large_image\" \/>\n<meta name=\"twitter:label1\" content=\"Szacowany czas czytania\" \/>\n\t<meta name=\"twitter:data1\" content=\"1 minuta\" \/>\n<script type=\"application\/ld+json\" class=\"yoast-schema-graph\">{\"@context\":\"https:\\\/\\\/schema.org\",\"@graph\":[{\"@type\":\"WebPage\",\"@id\":\"https:\\\/\\\/baltex.co.uk\\\/pl\\\/markets\\\/filtration\\\/\",\"url\":\"https:\\\/\\\/baltex.co.uk\\\/pl\\\/markets\\\/filtration\\\/\",\"name\":\"Filtration - Baltex\",\"isPartOf\":{\"@id\":\"https:\\\/\\\/baltex.co.uk\\\/#website\"},\"primaryImageOfPage\":{\"@id\":\"https:\\\/\\\/baltex.co.uk\\\/pl\\\/markets\\\/filtration\\\/#primaryimage\"},\"image\":{\"@id\":\"https:\\\/\\\/baltex.co.uk\\\/pl\\\/markets\\\/filtration\\\/#primaryimage\"},\"thumbnailUrl\":\"https:\\\/\\\/baltex.co.uk\\\/wp-content\\\/uploads\\\/2024\\\/02\\\/Office-Furniture-from-Aga.png\",\"datePublished\":\"2026-04-20T13:07:10+00:00\",\"dateModified\":\"2026-04-20T13:11:03+00:00\",\"breadcrumb\":{\"@id\":\"https:\\\/\\\/baltex.co.uk\\\/pl\\\/markets\\\/filtration\\\/#breadcrumb\"},\"inLanguage\":\"pl-PL\",\"potentialAction\":[{\"@type\":\"ReadAction\",\"target\":[\"https:\\\/\\\/baltex.co.uk\\\/pl\\\/markets\\\/filtration\\\/\"]}]},{\"@type\":\"ImageObject\",\"inLanguage\":\"pl-PL\",\"@id\":\"https:\\\/\\\/baltex.co.uk\\\/pl\\\/markets\\\/filtration\\\/#primaryimage\",\"url\":\"https:\\\/\\\/baltex.co.uk\\\/wp-content\\\/uploads\\\/2024\\\/02\\\/Office-Furniture-from-Aga.png\",\"contentUrl\":\"https:\\\/\\\/baltex.co.uk\\\/wp-content\\\/uploads\\\/2024\\\/02\\\/Office-Furniture-from-Aga.png\",\"width\":512,\"height\":285},{\"@type\":\"BreadcrumbList\",\"@id\":\"https:\\\/\\\/baltex.co.uk\\\/pl\\\/markets\\\/filtration\\\/#breadcrumb\",\"itemListElement\":[{\"@type\":\"ListItem\",\"position\":1,\"name\":\"Home\",\"item\":\"https:\\\/\\\/baltex.co.uk\\\/\"},{\"@type\":\"ListItem\",\"position\":2,\"name\":\"Filtration\"}]},{\"@type\":\"WebSite\",\"@id\":\"https:\\\/\\\/baltex.co.uk\\\/#website\",\"url\":\"https:\\\/\\\/baltex.co.uk\\\/\",\"name\":\"Baltex\",\"description\":\"We design, manufacture and supply a wide range of high performing technical textiles for a range of high performance markets\",\"publisher\":{\"@id\":\"https:\\\/\\\/baltex.co.uk\\\/#organization\"},\"potentialAction\":[{\"@type\":\"SearchAction\",\"target\":{\"@type\":\"EntryPoint\",\"urlTemplate\":\"https:\\\/\\\/baltex.co.uk\\\/?s={search_term_string}\"},\"query-input\":{\"@type\":\"PropertyValueSpecification\",\"valueRequired\":true,\"valueName\":\"search_term_string\"}}],\"inLanguage\":\"pl-PL\"},{\"@type\":\"Organization\",\"@id\":\"https:\\\/\\\/baltex.co.uk\\\/#organization\",\"name\":\"Baltex\",\"url\":\"https:\\\/\\\/baltex.co.uk\\\/\",\"logo\":{\"@type\":\"ImageObject\",\"inLanguage\":\"pl-PL\",\"@id\":\"https:\\\/\\\/baltex.co.uk\\\/#\\\/schema\\\/logo\\\/image\\\/\",\"url\":\"https:\\\/\\\/baltex.co.uk\\\/wp-content\\\/uploads\\\/2024\\\/02\\\/Baltex-Logo-Purple.png\",\"contentUrl\":\"https:\\\/\\\/baltex.co.uk\\\/wp-content\\\/uploads\\\/2024\\\/02\\\/Baltex-Logo-Purple.png\",\"width\":930,\"height\":413,\"caption\":\"Baltex\"},\"image\":{\"@id\":\"https:\\\/\\\/baltex.co.uk\\\/#\\\/schema\\\/logo\\\/image\\\/\"}}]}<\/script>\n<!-- \/ Yoast SEO plugin. -->","yoast_head_json":{"title":"Filtration - Baltex","robots":{"index":"index","follow":"follow","max-snippet":"max-snippet:-1","max-image-preview":"max-image-preview:large","max-video-preview":"max-video-preview:-1"},"canonical":"https:\/\/baltex.co.uk\/pl\/markets\/filtration\/","og_locale":"pl_PL","og_type":"article","og_title":"Filtration - Baltex","og_description":"Filtration The finest techniques for the most exacting applications When precision matters, choose Baltex Highly-technical filtration markets require incredible attention to detail, technical know-how, and quality safeguards. Baltex delivers. Our track record of product development partnerships, exceeding stringent certifications, and knitted fabric excellence set us apart in serving filtration applications. Ask our team about our [&hellip;]","og_url":"https:\/\/baltex.co.uk\/pl\/markets\/filtration\/","og_site_name":"Baltex","article_modified_time":"2026-04-20T13:11:03+00:00","og_image":[{"width":512,"height":285,"url":"https:\/\/baltex.co.uk\/wp-content\/uploads\/2024\/02\/Office-Furniture-from-Aga.png","type":"image\/png"}],"twitter_card":"summary_large_image","twitter_misc":{"Szacowany czas czytania":"1 minuta"},"schema":{"@context":"https:\/\/schema.org","@graph":[{"@type":"WebPage","@id":"https:\/\/baltex.co.uk\/pl\/markets\/filtration\/","url":"https:\/\/baltex.co.uk\/pl\/markets\/filtration\/","name":"Filtration - Baltex","isPartOf":{"@id":"https:\/\/baltex.co.uk\/#website"},"primaryImageOfPage":{"@id":"https:\/\/baltex.co.uk\/pl\/markets\/filtration\/#primaryimage"},"image":{"@id":"https:\/\/baltex.co.uk\/pl\/markets\/filtration\/#primaryimage"},"thumbnailUrl":"https:\/\/baltex.co.uk\/wp-content\/uploads\/2024\/02\/Office-Furniture-from-Aga.png","datePublished":"2026-04-20T13:07:10+00:00","dateModified":"2026-04-20T13:11:03+00:00","breadcrumb":{"@id":"https:\/\/baltex.co.uk\/pl\/markets\/filtration\/#breadcrumb"},"inLanguage":"pl-PL","potentialAction":[{"@type":"ReadAction","target":["https:\/\/baltex.co.uk\/pl\/markets\/filtration\/"]}]},{"@type":"ImageObject","inLanguage":"pl-PL","@id":"https:\/\/baltex.co.uk\/pl\/markets\/filtration\/#primaryimage","url":"https:\/\/baltex.co.uk\/wp-content\/uploads\/2024\/02\/Office-Furniture-from-Aga.png","contentUrl":"https:\/\/baltex.co.uk\/wp-content\/uploads\/2024\/02\/Office-Furniture-from-Aga.png","width":512,"height":285},{"@type":"BreadcrumbList","@id":"https:\/\/baltex.co.uk\/pl\/markets\/filtration\/#breadcrumb","itemListElement":[{"@type":"ListItem","position":1,"name":"Home","item":"https:\/\/baltex.co.uk\/"},{"@type":"ListItem","position":2,"name":"Filtration"}]},{"@type":"WebSite","@id":"https:\/\/baltex.co.uk\/#website","url":"https:\/\/baltex.co.uk\/","name":"Baltex","description":"Projektujemy, produkujemy i dostarczamy szerok\u0105 gam\u0119 wysokowydajnych tekstyli\u00f3w technicznych dla r\u00f3\u017cnych rynk\u00f3w o wysokiej wydajno\u015bci","publisher":{"@id":"https:\/\/baltex.co.uk\/#organization"},"potentialAction":[{"@type":"SearchAction","target":{"@type":"EntryPoint","urlTemplate":"https:\/\/baltex.co.uk\/?s={search_term_string}"},"query-input":{"@type":"PropertyValueSpecification","valueRequired":true,"valueName":"search_term_string"}}],"inLanguage":"pl-PL"},{"@type":"Organization","@id":"https:\/\/baltex.co.uk\/#organization","name":"Baltex","url":"https:\/\/baltex.co.uk\/","logo":{"@type":"ImageObject","inLanguage":"pl-PL","@id":"https:\/\/baltex.co.uk\/#\/schema\/logo\/image\/","url":"https:\/\/baltex.co.uk\/wp-content\/uploads\/2024\/02\/Baltex-Logo-Purple.png","contentUrl":"https:\/\/baltex.co.uk\/wp-content\/uploads\/2024\/02\/Baltex-Logo-Purple.png","width":930,"height":413,"caption":"Baltex"},"image":{"@id":"https:\/\/baltex.co.uk\/#\/schema\/logo\/image\/"}}]}},"_links":{"self":[{"href":"https:\/\/baltex.co.uk\/pl\/wp-json\/wp\/v2\/pages\/4127","targetHints":{"allow":["GET"]}}],"collection":[{"href":"https:\/\/baltex.co.uk\/pl\/wp-json\/wp\/v2\/pages"}],"about":[{"href":"https:\/\/baltex.co.uk\/pl\/wp-json\/wp\/v2\/types\/page"}],"author":[{"embeddable":true,"href":"https:\/\/baltex.co.uk\/pl\/wp-json\/wp\/v2\/users\/1"}],"replies":[{"embeddable":true,"href":"https:\/\/baltex.co.uk\/pl\/wp-json\/wp\/v2\/comments?post=4127"}],"version-history":[{"count":4,"href":"https:\/\/baltex.co.uk\/pl\/wp-json\/wp\/v2\/pages\/4127\/revisions"}],"predecessor-version":[{"id":4135,"href":"https:\/\/baltex.co.uk\/pl\/wp-json\/wp\/v2\/pages\/4127\/revisions\/4135"}],"up":[{"embeddable":true,"href":"https:\/\/baltex.co.uk\/pl\/wp-json\/wp\/v2\/pages\/890"}],"wp:featuredmedia":[{"embeddable":true,"href":"https:\/\/baltex.co.uk\/pl\/wp-json\/wp\/v2\/media\/417"}],"wp:attachment":[{"href":"https:\/\/baltex.co.uk\/pl\/wp-json\/wp\/v2\/media?parent=4127"}],"curies":[{"name":"wp","href":"https:\/\/api.w.org\/{rel}","templated":true}]}}