{"id":1726,"date":"2024-03-11T14:12:38","date_gmt":"2024-03-11T14:12:38","guid":{"rendered":"http:\/\/baltex-development.local\/?page_id=1726"},"modified":"2026-04-24T10:08:12","modified_gmt":"2026-04-24T10:08:12","slug":"events-and-trade-shows","status":"publish","type":"page","link":"https:\/\/baltex.co.uk\/pl\/news\/events-and-trade-shows\/","title":{"rendered":"Wydarzenia i targi"},"content":{"rendered":"<div data-elementor-type=\"wp-page\" data-elementor-id=\"1726\" class=\"elementor elementor-1726\" data-elementor-post-type=\"page\">\n\t\t\t\t<div class=\"elementor-element elementor-element-3b402a89 e-flex e-con-boxed e-con e-parent\" data-id=\"3b402a89\" data-element_type=\"container\" data-e-type=\"container\" data-settings=\"{&quot;background_background&quot;:&quot;classic&quot;}\">\n\t\t\t\t\t<div class=\"e-con-inner\">\n\t\t<div class=\"elementor-element elementor-element-19e6fe7a e-con-full e-flex e-con e-child\" data-id=\"19e6fe7a\" data-element_type=\"container\" data-e-type=\"container\">\n\t\t\t\t<div class=\"elementor-element elementor-element-634eb8f8 elementor-widget__width-auto elementor-invisible elementor-widget elementor-widget-heading\" data-id=\"634eb8f8\" data-element_type=\"widget\" data-e-type=\"widget\" data-settings=\"{&quot;_animation&quot;:&quot;fadeInLeft&quot;}\" data-widget_type=\"heading.default\">\n\t\t\t\t<div class=\"elementor-widget-container\">\n\t\t\t\t\t<h2 class=\"elementor-heading-title elementor-size-default\">Wydarzenia i targi<\/h2>\t\t\t\t<\/div>\n\t\t\t\t<\/div>\n\t\t\t\t<div class=\"elementor-element elementor-element-33930976 elementor-invisible elementor-widget elementor-widget-text-editor\" data-id=\"33930976\" data-element_type=\"widget\" data-e-type=\"widget\" data-settings=\"{&quot;_animation&quot;:&quot;fadeIn&quot;,&quot;_animation_delay&quot;:1080}\" data-widget_type=\"text-editor.default\">\n\t\t\t\t<div class=\"elementor-widget-container\">\n\t\t\t\t\t\t\t\t\t<p>Do\u0142\u0105cz do nas na najnowszych wydarzeniach i targach\u00a0<\/p>\t\t\t\t\t\t\t\t<\/div>\n\t\t\t\t<\/div>\n\t\t\t\t<\/div>\n\t\t\t\t\t<\/div>\n\t\t\t\t<\/div>\n\t\t<div class=\"elementor-element elementor-element-1f60e181 e-flex e-con-boxed e-con e-parent\" data-id=\"1f60e181\" data-element_type=\"container\" data-e-type=\"container\">\n\t\t\t\t\t<div class=\"e-con-inner\">\n\t\t<div class=\"elementor-element elementor-element-1e780e92 e-con-full e-flex e-con e-child\" data-id=\"1e780e92\" data-element_type=\"container\" data-e-type=\"container\">\n\t\t<div class=\"elementor-element elementor-element-b4e47f6 e-con-full e-flex e-con e-child\" data-id=\"b4e47f6\" data-element_type=\"container\" data-e-type=\"container\">\n\t\t<div class=\"elementor-element elementor-element-10f65b9d e-con-full e-flex e-con e-child\" data-id=\"10f65b9d\" data-element_type=\"container\" data-e-type=\"container\" data-settings=\"{&quot;animation&quot;:&quot;none&quot;}\">\n\t\t\t\t<div class=\"elementor-element elementor-element-76b4f3d0 elementor-invisible elementor-widget elementor-widget-heading\" data-id=\"76b4f3d0\" data-element_type=\"widget\" data-e-type=\"widget\" data-settings=\"{&quot;_animation&quot;:&quot;fadeInUp&quot;}\" data-widget_type=\"heading.default\">\n\t\t\t\t<div class=\"elementor-widget-container\">\n\t\t\t\t\t<h2 class=\"elementor-heading-title elementor-size-default\">Witamy w Baltexie<\/h2>\t\t\t\t<\/div>\n\t\t\t\t<\/div>\n\t\t\t\t<\/div>\n\t\t<div class=\"elementor-element elementor-element-cd8131d e-con-full e-flex elementor-invisible e-con e-child\" data-id=\"cd8131d\" data-element_type=\"container\" data-e-type=\"container\" data-settings=\"{&quot;animation&quot;:&quot;fadeInRight&quot;}\">\n\t\t\t\t<div class=\"elementor-element elementor-element-3c838082 elementor-widget elementor-widget-text-editor\" data-id=\"3c838082\" data-element_type=\"widget\" data-e-type=\"widget\" data-widget_type=\"text-editor.default\">\n\t\t\t\t<div class=\"elementor-widget-container\">\n\t\t\t\t\t\t\t\t\t<p>B\u0105d\u017a na bie\u017c\u0105co z naj\u015bwie\u017cszymi wiadomo\u015bciami z Baltexu i spostrze\u017ceniami na temat nowo\u015bci w tekstyliach technicznych.<\/p>\t\t\t\t\t\t\t\t<\/div>\n\t\t\t\t<\/div>\n\t\t\t\t<div class=\"elementor-element elementor-element-31248972 elementor-widget-divider--view-line elementor-widget elementor-widget-divider\" data-id=\"31248972\" data-element_type=\"widget\" data-e-type=\"widget\" data-widget_type=\"divider.default\">\n\t\t\t\t<div class=\"elementor-widget-container\">\n\t\t\t\t\t\t\t<div class=\"elementor-divider\">\n\t\t\t<span class=\"elementor-divider-separator\">\n\t\t\t\t\t\t<\/span>\n\t\t<\/div>\n\t\t\t\t\t\t<\/div>\n\t\t\t\t<\/div>\n\t\t\t\t<\/div>\n\t\t\t\t<\/div>\n\t\t\t\t<\/div>\n\t\t\t\t\t<\/div>\n\t\t\t\t<\/div>\n\t\t<div class=\"elementor-element elementor-element-f27b5fc e-flex e-con-boxed elementor-invisible e-con e-parent\" data-id=\"f27b5fc\" data-element_type=\"container\" data-e-type=\"container\" data-settings=\"{&quot;animation&quot;:&quot;fadeInUp&quot;}\">\n\t\t\t\t\t<div class=\"e-con-inner\">\n\t\t\t\t<div class=\"elementor-element elementor-element-0391ef2 elementor-posts--align-left elementor-widget__width-initial elementor-grid-3 elementor-grid-tablet-2 elementor-grid-mobile-1 elementor-posts--thumbnail-top elementor-card-shadow-yes elementor-posts__hover-gradient elementor-invisible elementor-widget elementor-widget-posts\" data-id=\"0391ef2\" data-element_type=\"widget\" data-e-type=\"widget\" data-settings=\"{&quot;_animation&quot;:&quot;fadeInUp&quot;,&quot;cards_row_gap&quot;:{&quot;unit&quot;:&quot;px&quot;,&quot;size&quot;:34,&quot;sizes&quot;:[]},&quot;cards_columns&quot;:&quot;3&quot;,&quot;cards_columns_tablet&quot;:&quot;2&quot;,&quot;cards_columns_mobile&quot;:&quot;1&quot;,&quot;cards_row_gap_tablet&quot;:{&quot;unit&quot;:&quot;px&quot;,&quot;size&quot;:&quot;&quot;,&quot;sizes&quot;:[]},&quot;cards_row_gap_mobile&quot;:{&quot;unit&quot;:&quot;px&quot;,&quot;size&quot;:&quot;&quot;,&quot;sizes&quot;:[]}}\" data-widget_type=\"posts.cards\">\n\t\t\t\t<div class=\"elementor-widget-container\">\n\t\t\t\t\t\t\t<div class=\"elementor-posts-container elementor-posts elementor-posts--skin-cards elementor-grid\" role=\"list\">\n\t\t\t\t<article class=\"elementor-post elementor-grid-item post-4057 post type-post status-publish format-standard has-post-thumbnail hentry category-event tag-composite-materials tag-knitted-textiles tag-medical-textiles tag-technical-textiles tag-techtextil-2026 tag-textile-innovation\" role=\"listitem\">\n\t\t\t<div class=\"elementor-post__card\">\n\t\t\t\t<a class=\"elementor-post__thumbnail__link\" href=\"https:\/\/baltex.co.uk\/pl\/baltex-techtextil-2026-2\/\" tabindex=\"-1\" ><div class=\"elementor-post__thumbnail\"><img fetchpriority=\"high\" decoding=\"async\" width=\"300\" height=\"200\" src=\"https:\/\/baltex.co.uk\/wp-content\/uploads\/2025\/03\/sofas-2-300x200.webp\" class=\"attachment-medium size-medium wp-image-3842\" alt=\"\" srcset=\"https:\/\/baltex.co.uk\/wp-content\/uploads\/2025\/03\/sofas-2-300x200.webp 300w, https:\/\/baltex.co.uk\/wp-content\/uploads\/2025\/03\/sofas-2-1024x683.webp 1024w, https:\/\/baltex.co.uk\/wp-content\/uploads\/2025\/03\/sofas-2-768x512.webp 768w, https:\/\/baltex.co.uk\/wp-content\/uploads\/2025\/03\/sofas-2-18x12.webp 18w, https:\/\/baltex.co.uk\/wp-content\/uploads\/2025\/03\/sofas-2-600x400.webp 600w, https:\/\/baltex.co.uk\/wp-content\/uploads\/2025\/03\/sofas-2.webp 1200w\" sizes=\"(max-width: 300px) 100vw, 300px\" \/><\/div><\/a>\n\t\t\t\t<div class=\"elementor-post__text\">\n\t\t\t\t<h3 class=\"elementor-post__title\">\n\t\t\t<a href=\"https:\/\/baltex.co.uk\/pl\/baltex-techtextil-2026-2\/\" >\n\t\t\t\tBaltex wprowadza innowacje na targi Techtextil 2026\t\t\t<\/a>\n\t\t<\/h3>\n\t\t\t\t<div class=\"elementor-post__excerpt\">\n\t\t\t<p>Baltex, siedziba innowacji w dziedzinie tekstyli\u00f3w technicznych, wkr\u00f3tce zaprezentuje historie sukcesu i pr\u00f3bki na targach Techtextil 2026. W dniach od 21 do 24 kwietnia nasz zesp\u00f3\u0142 b\u0119dzie<\/p>\n\t\t<\/div>\n\t\t\t\t\t<div class=\"elementor-post__read-more-wrapper\">\n\t\t\n\t\t<a class=\"elementor-post__read-more\" href=\"https:\/\/baltex.co.uk\/pl\/baltex-techtextil-2026-2\/\" aria-label=\"Dowiedz si\u0119 wi\u0119cej o tym, jak Baltex wprowadza innowacje na targi Techtextil 2026\" tabindex=\"-1\" >\n\t\t\tCzytaj wi\u0119cej &quot;\t\t<\/a>\n\n\t\t\t\t\t<\/div>\n\t\t\t\t<\/div>\n\t\t\t\t<div class=\"elementor-post__meta-data\">\n\t\t\t\t\t<span class=\"elementor-post-date\">\n\t\t\t1 kwietnia 2026\t\t<\/span>\n\t\t\t\t<\/div>\n\t\t\t\t\t<\/div>\n\t\t<\/article>\n\t\t\t\t<article class=\"elementor-post elementor-grid-item post-1717 post type-post status-publish format-standard has-post-thumbnail hentry category-event\" role=\"listitem\">\n\t\t\t<div class=\"elementor-post__card\">\n\t\t\t\t<a class=\"elementor-post__thumbnail__link\" href=\"https:\/\/baltex.co.uk\/pl\/techtextil\/\" tabindex=\"-1\" ><div class=\"elementor-post__thumbnail\"><img decoding=\"async\" width=\"300\" height=\"169\" src=\"https:\/\/baltex.co.uk\/wp-content\/uploads\/2024\/02\/anmeldung-techtextil1.webp.768-300x169.webp\" class=\"attachment-medium size-medium wp-image-671\" alt=\"\" srcset=\"https:\/\/baltex.co.uk\/wp-content\/uploads\/2024\/02\/anmeldung-techtextil1.webp.768-300x169.webp 300w, https:\/\/baltex.co.uk\/wp-content\/uploads\/2024\/02\/anmeldung-techtextil1.webp.768-600x338.webp 600w, https:\/\/baltex.co.uk\/wp-content\/uploads\/2024\/02\/anmeldung-techtextil1.webp.768.webp 768w\" sizes=\"(max-width: 300px) 100vw, 300px\" \/><\/div><\/a>\n\t\t\t\t<div class=\"elementor-post__text\">\n\t\t\t\t<h3 class=\"elementor-post__title\">\n\t\t\t<a href=\"https:\/\/baltex.co.uk\/pl\/techtextil\/\" >\n\t\t\t\tTechtekstyl\t\t\t<\/a>\n\t\t<\/h3>\n\t\t\t\t<div class=\"elementor-post__excerpt\">\n\t\t\t<p>Techtextil to wiod\u0105ce mi\u0119dzynarodowe targi tekstyli\u00f3w technicznych i w\u0142\u00f3knin. B\u0119dziemy obecni na nadchodz\u0105cych targach Techtextil w dniach 23\u201326 kwietnia 2024 r<\/p>\n\t\t<\/div>\n\t\t\t\t\t<div class=\"elementor-post__read-more-wrapper\">\n\t\t\n\t\t<a class=\"elementor-post__read-more\" href=\"https:\/\/baltex.co.uk\/pl\/techtextil\/\" aria-label=\"Przeczytaj wi\u0119cej o Techtextilu\" tabindex=\"-1\" >\n\t\t\tCzytaj wi\u0119cej &quot;\t\t<\/a>\n\n\t\t\t\t\t<\/div>\n\t\t\t\t<\/div>\n\t\t\t\t<div class=\"elementor-post__meta-data\">\n\t\t\t\t\t<span class=\"elementor-post-date\">\n\t\t\t11 marca 2024 r\t\t<\/span>\n\t\t\t\t<\/div>\n\t\t\t\t\t<\/div>\n\t\t<\/article>\n\t\t\t\t<\/div>\n\t\t\n\t\t\t\t\t\t<\/div>\n\t\t\t\t<\/div>\n\t\t\t\t\t<\/div>\n\t\t\t\t<\/div>\n\t\t<div class=\"elementor-element elementor-element-7668b8ed e-flex e-con-boxed e-con e-parent\" data-id=\"7668b8ed\" data-element_type=\"container\" data-e-type=\"container\" data-settings=\"{&quot;background_background&quot;:&quot;classic&quot;}\">\n\t\t\t\t\t<div class=\"e-con-inner\">\n\t\t<div class=\"elementor-element elementor-element-330efa7f e-con-full e-flex elementor-invisible e-con e-child\" data-id=\"330efa7f\" data-element_type=\"container\" data-e-type=\"container\" data-settings=\"{&quot;animation&quot;:&quot;fadeIn&quot;,&quot;animation_delay&quot;:360}\">\n\t\t\t\t<div class=\"elementor-element elementor-element-7a309609 elementor-widget elementor-widget-image\" data-id=\"7a309609\" data-element_type=\"widget\" data-e-type=\"widget\" data-widget_type=\"image.default\">\n\t\t\t\t<div class=\"elementor-widget-container\">\n\t\t\t\t\t\t\t\t\t\t\t\t\t\t\t<img decoding=\"async\" width=\"186\" height=\"78\" src=\"https:\/\/baltex.co.uk\/wp-content\/uploads\/2024\/02\/techtextil-logo.png\" class=\"attachment-large size-large wp-image-699\" alt=\"\" \/>\t\t\t\t\t\t\t\t\t\t\t\t\t\t\t<\/div>\n\t\t\t\t<\/div>\n\t\t\t\t<div class=\"elementor-element elementor-element-5a9810c elementor-widget elementor-widget-heading\" data-id=\"5a9810c\" data-element_type=\"widget\" data-e-type=\"widget\" data-widget_type=\"heading.default\">\n\t\t\t\t<div class=\"elementor-widget-container\">\n\t\t\t\t\t<h2 class=\"elementor-heading-title elementor-size-default\">Frankfurt, 21-24 kwietnia 2026 r.<\/h2>\t\t\t\t<\/div>\n\t\t\t\t<\/div>\n\t\t\t\t<div class=\"elementor-element elementor-element-3d8db04b elementor-widget elementor-widget-text-editor\" data-id=\"3d8db04b\" data-element_type=\"widget\" data-e-type=\"widget\" data-widget_type=\"text-editor.default\">\n\t\t\t\t<div class=\"elementor-widget-container\">\n\t\t\t\t\t\t\t\t\t<p>Do\u0142\u0105cz do nas na targach techtextil w kwietniu. Poznaj nasz zesp\u00f3\u0142, poznaj najnowsze informacje na temat tekstyli\u00f3w technicznych i dowiedz si\u0119 o naszych nowo\u015bciach na rok 2026.<\/p>\t\t\t\t\t\t\t\t<\/div>\n\t\t\t\t<\/div>\n\t\t\t\t<div class=\"elementor-element elementor-element-7e50704 elementor-widget elementor-widget-hubspot-form\" data-id=\"7e50704\" data-element_type=\"widget\" data-e-type=\"widget\" data-widget_type=\"hubspot-form.default\">\n\t\t\t\t<div class=\"elementor-widget-container\">\n\t\t\t\t\t\n\t\t\t\t\t\t<script>\n\t\t\t\t\t\t\twindow.hsFormsOnReady = window.hsFormsOnReady || [];\n\t\t\t\t\t\t\twindow.hsFormsOnReady.push(()=>{\n\t\t\t\t\t\t\t\thbspt.forms.create({\n\t\t\t\t\t\t\t\t\tportalId: 139517006,\n\t\t\t\t\t\t\t\t\tformId: \"16922a59-cc5a-4bc7-a450-da87c3c2cc0b\",\n\t\t\t\t\t\t\t\t\ttarget: \"#hbspt-form-1778781628000-1931822972\",\n\t\t\t\t\t\t\t\t\tregion: \"eu1\",\n\t\t\t\t\t\t\t\t\t\n\t\t\t\t\t\t\t})});\n\t\t\t\t\t\t<\/script>\n\t\t\t\t\t\t<div class=\"hbspt-form\" id=\"hbspt-form-1778781628000-1931822972\"><\/div>\t\t\t\t<\/div>\n\t\t\t\t<\/div>\n\t\t\t\t<\/div>\n\t\t\t\t\t<\/div>\n\t\t\t\t<\/div>\n\t\t\t\t<\/div>","protected":false},"excerpt":{"rendered":"<p>Events &amp; Trade Shows Join us at the latest Events and Trade Shows\u00a0 Welcome to Baltex Stay up-to-date with the latest news from Baltex and insights on new developments in technical textiles. Frankfurt, 21st-24th April 2026 Join us at techtextil in April. Meet our team, get the latest insights on technical textiles and learn about [&hellip;]<\/p>\n","protected":false},"author":1,"featured_media":0,"parent":892,"menu_order":0,"comment_status":"closed","ping_status":"closed","template":"","meta":{"content-type":"","_monsterinsights_skip_tracking":false,"_monsterinsights_sitenote_active":false,"_monsterinsights_sitenote_note":"","_monsterinsights_sitenote_category":0,"footnotes":""},"class_list":["post-1726","page","type-page","status-publish","hentry"],"yoast_head":"<!-- This site is optimized with the Yoast SEO plugin v27.6 - https:\/\/yoast.com\/product\/yoast-seo-wordpress\/ -->\n<title>Events &amp; Trade Shows - Baltex<\/title>\n<meta name=\"description\" content=\"Join us at the latest Events and Trade Shows in Technical Textiles.\" \/>\n<meta name=\"robots\" content=\"index, follow, max-snippet:-1, max-image-preview:large, max-video-preview:-1\" \/>\n<link rel=\"canonical\" href=\"https:\/\/baltex.co.uk\/pl\/news\/events-and-trade-shows\/\" \/>\n<meta property=\"og:locale\" content=\"pl_PL\" \/>\n<meta property=\"og:type\" content=\"article\" \/>\n<meta property=\"og:title\" content=\"Events &amp; Trade Shows - Baltex\" \/>\n<meta property=\"og:description\" content=\"Join us at the latest Events and Trade Shows in Technical Textiles.\" \/>\n<meta property=\"og:url\" content=\"https:\/\/baltex.co.uk\/pl\/news\/events-and-trade-shows\/\" \/>\n<meta property=\"og:site_name\" content=\"Baltex\" \/>\n<meta property=\"article:modified_time\" content=\"2026-04-24T10:08:12+00:00\" \/>\n<meta property=\"og:image\" content=\"https:\/\/baltex.yellowstep.co.uk\/wp-content\/uploads\/2024\/02\/techtextil-logo.png\" \/>\n<meta name=\"twitter:card\" content=\"summary_large_image\" \/>\n<meta name=\"twitter:label1\" content=\"Szacowany czas czytania\" \/>\n\t<meta name=\"twitter:data1\" content=\"1 minuta\" \/>\n<script type=\"application\/ld+json\" class=\"yoast-schema-graph\">{\"@context\":\"https:\\\/\\\/schema.org\",\"@graph\":[{\"@type\":\"WebPage\",\"@id\":\"https:\\\/\\\/baltex.co.uk\\\/news\\\/events-and-trade-shows\\\/\",\"url\":\"https:\\\/\\\/baltex.co.uk\\\/news\\\/events-and-trade-shows\\\/\",\"name\":\"Events & Trade Shows - Baltex\",\"isPartOf\":{\"@id\":\"https:\\\/\\\/baltex.co.uk\\\/#website\"},\"primaryImageOfPage\":{\"@id\":\"https:\\\/\\\/baltex.co.uk\\\/news\\\/events-and-trade-shows\\\/#primaryimage\"},\"image\":{\"@id\":\"https:\\\/\\\/baltex.co.uk\\\/news\\\/events-and-trade-shows\\\/#primaryimage\"},\"thumbnailUrl\":\"https:\\\/\\\/baltex.co.uk\\\/wp-content\\\/uploads\\\/2024\\\/02\\\/techtextil-logo.png\",\"datePublished\":\"2024-03-11T14:12:38+00:00\",\"dateModified\":\"2026-04-24T10:08:12+00:00\",\"description\":\"Join us at the latest Events and Trade Shows in Technical Textiles.\",\"breadcrumb\":{\"@id\":\"https:\\\/\\\/baltex.co.uk\\\/news\\\/events-and-trade-shows\\\/#breadcrumb\"},\"inLanguage\":\"pl-PL\",\"potentialAction\":[{\"@type\":\"ReadAction\",\"target\":[\"https:\\\/\\\/baltex.co.uk\\\/news\\\/events-and-trade-shows\\\/\"]}]},{\"@type\":\"ImageObject\",\"inLanguage\":\"pl-PL\",\"@id\":\"https:\\\/\\\/baltex.co.uk\\\/news\\\/events-and-trade-shows\\\/#primaryimage\",\"url\":\"https:\\\/\\\/baltex.co.uk\\\/wp-content\\\/uploads\\\/2024\\\/02\\\/techtextil-logo.png\",\"contentUrl\":\"https:\\\/\\\/baltex.co.uk\\\/wp-content\\\/uploads\\\/2024\\\/02\\\/techtextil-logo.png\"},{\"@type\":\"BreadcrumbList\",\"@id\":\"https:\\\/\\\/baltex.co.uk\\\/news\\\/events-and-trade-shows\\\/#breadcrumb\",\"itemListElement\":[{\"@type\":\"ListItem\",\"position\":1,\"name\":\"Home\",\"item\":\"https:\\\/\\\/baltex.co.uk\\\/\"},{\"@type\":\"ListItem\",\"position\":2,\"name\":\"News\",\"item\":\"https:\\\/\\\/baltex.co.uk\\\/news\\\/\"},{\"@type\":\"ListItem\",\"position\":3,\"name\":\"Events &#038; Trade Shows\"}]},{\"@type\":\"WebSite\",\"@id\":\"https:\\\/\\\/baltex.co.uk\\\/#website\",\"url\":\"https:\\\/\\\/baltex.co.uk\\\/\",\"name\":\"Baltex\",\"description\":\"We design, manufacture and supply a wide range of high performing technical textiles for a range of high performance markets\",\"publisher\":{\"@id\":\"https:\\\/\\\/baltex.co.uk\\\/#organization\"},\"potentialAction\":[{\"@type\":\"SearchAction\",\"target\":{\"@type\":\"EntryPoint\",\"urlTemplate\":\"https:\\\/\\\/baltex.co.uk\\\/?s={search_term_string}\"},\"query-input\":{\"@type\":\"PropertyValueSpecification\",\"valueRequired\":true,\"valueName\":\"search_term_string\"}}],\"inLanguage\":\"pl-PL\"},{\"@type\":\"Organization\",\"@id\":\"https:\\\/\\\/baltex.co.uk\\\/#organization\",\"name\":\"Baltex\",\"url\":\"https:\\\/\\\/baltex.co.uk\\\/\",\"logo\":{\"@type\":\"ImageObject\",\"inLanguage\":\"pl-PL\",\"@id\":\"https:\\\/\\\/baltex.co.uk\\\/#\\\/schema\\\/logo\\\/image\\\/\",\"url\":\"https:\\\/\\\/baltex.co.uk\\\/wp-content\\\/uploads\\\/2024\\\/02\\\/Baltex-Logo-Purple.png\",\"contentUrl\":\"https:\\\/\\\/baltex.co.uk\\\/wp-content\\\/uploads\\\/2024\\\/02\\\/Baltex-Logo-Purple.png\",\"width\":930,\"height\":413,\"caption\":\"Baltex\"},\"image\":{\"@id\":\"https:\\\/\\\/baltex.co.uk\\\/#\\\/schema\\\/logo\\\/image\\\/\"}}]}<\/script>\n<!-- \/ Yoast SEO plugin. -->","yoast_head_json":{"title":"Wydarzenia i targi - Baltex","description":"Do\u0142\u0105cz do nas na najnowszych wydarzeniach i targach bran\u017cowych w bran\u017cy tekstyli\u00f3w technicznych.","robots":{"index":"index","follow":"follow","max-snippet":"max-snippet:-1","max-image-preview":"max-image-preview:large","max-video-preview":"max-video-preview:-1"},"canonical":"https:\/\/baltex.co.uk\/pl\/news\/events-and-trade-shows\/","og_locale":"pl_PL","og_type":"article","og_title":"Events & Trade Shows - Baltex","og_description":"Join us at the latest Events and Trade Shows in Technical Textiles.","og_url":"https:\/\/baltex.co.uk\/pl\/news\/events-and-trade-shows\/","og_site_name":"Baltex","article_modified_time":"2026-04-24T10:08:12+00:00","og_image":[{"url":"https:\/\/baltex.yellowstep.co.uk\/wp-content\/uploads\/2024\/02\/techtextil-logo.png","type":"","width":"","height":""}],"twitter_card":"summary_large_image","twitter_misc":{"Szacowany czas czytania":"1 minuta"},"schema":{"@context":"https:\/\/schema.org","@graph":[{"@type":"WebPage","@id":"https:\/\/baltex.co.uk\/news\/events-and-trade-shows\/","url":"https:\/\/baltex.co.uk\/news\/events-and-trade-shows\/","name":"Wydarzenia i targi - Baltex","isPartOf":{"@id":"https:\/\/baltex.co.uk\/#website"},"primaryImageOfPage":{"@id":"https:\/\/baltex.co.uk\/news\/events-and-trade-shows\/#primaryimage"},"image":{"@id":"https:\/\/baltex.co.uk\/news\/events-and-trade-shows\/#primaryimage"},"thumbnailUrl":"https:\/\/baltex.co.uk\/wp-content\/uploads\/2024\/02\/techtextil-logo.png","datePublished":"2024-03-11T14:12:38+00:00","dateModified":"2026-04-24T10:08:12+00:00","description":"Do\u0142\u0105cz do nas na najnowszych wydarzeniach i targach bran\u017cowych w bran\u017cy tekstyli\u00f3w technicznych.","breadcrumb":{"@id":"https:\/\/baltex.co.uk\/news\/events-and-trade-shows\/#breadcrumb"},"inLanguage":"pl-PL","potentialAction":[{"@type":"ReadAction","target":["https:\/\/baltex.co.uk\/news\/events-and-trade-shows\/"]}]},{"@type":"ImageObject","inLanguage":"pl-PL","@id":"https:\/\/baltex.co.uk\/news\/events-and-trade-shows\/#primaryimage","url":"https:\/\/baltex.co.uk\/wp-content\/uploads\/2024\/02\/techtextil-logo.png","contentUrl":"https:\/\/baltex.co.uk\/wp-content\/uploads\/2024\/02\/techtextil-logo.png"},{"@type":"BreadcrumbList","@id":"https:\/\/baltex.co.uk\/news\/events-and-trade-shows\/#breadcrumb","itemListElement":[{"@type":"ListItem","position":1,"name":"Home","item":"https:\/\/baltex.co.uk\/"},{"@type":"ListItem","position":2,"name":"News","item":"https:\/\/baltex.co.uk\/news\/"},{"@type":"ListItem","position":3,"name":"Events &#038; Trade Shows"}]},{"@type":"WebSite","@id":"https:\/\/baltex.co.uk\/#website","url":"https:\/\/baltex.co.uk\/","name":"Baltex","description":"Projektujemy, produkujemy i dostarczamy szerok\u0105 gam\u0119 wysokowydajnych tekstyli\u00f3w technicznych dla r\u00f3\u017cnych rynk\u00f3w o wysokiej wydajno\u015bci","publisher":{"@id":"https:\/\/baltex.co.uk\/#organization"},"potentialAction":[{"@type":"SearchAction","target":{"@type":"EntryPoint","urlTemplate":"https:\/\/baltex.co.uk\/?s={search_term_string}"},"query-input":{"@type":"PropertyValueSpecification","valueRequired":true,"valueName":"search_term_string"}}],"inLanguage":"pl-PL"},{"@type":"Organization","@id":"https:\/\/baltex.co.uk\/#organization","name":"Baltex","url":"https:\/\/baltex.co.uk\/","logo":{"@type":"ImageObject","inLanguage":"pl-PL","@id":"https:\/\/baltex.co.uk\/#\/schema\/logo\/image\/","url":"https:\/\/baltex.co.uk\/wp-content\/uploads\/2024\/02\/Baltex-Logo-Purple.png","contentUrl":"https:\/\/baltex.co.uk\/wp-content\/uploads\/2024\/02\/Baltex-Logo-Purple.png","width":930,"height":413,"caption":"Baltex"},"image":{"@id":"https:\/\/baltex.co.uk\/#\/schema\/logo\/image\/"}}]}},"_links":{"self":[{"href":"https:\/\/baltex.co.uk\/pl\/wp-json\/wp\/v2\/pages\/1726","targetHints":{"allow":["GET"]}}],"collection":[{"href":"https:\/\/baltex.co.uk\/pl\/wp-json\/wp\/v2\/pages"}],"about":[{"href":"https:\/\/baltex.co.uk\/pl\/wp-json\/wp\/v2\/types\/page"}],"author":[{"embeddable":true,"href":"https:\/\/baltex.co.uk\/pl\/wp-json\/wp\/v2\/users\/1"}],"replies":[{"embeddable":true,"href":"https:\/\/baltex.co.uk\/pl\/wp-json\/wp\/v2\/comments?post=1726"}],"version-history":[{"count":28,"href":"https:\/\/baltex.co.uk\/pl\/wp-json\/wp\/v2\/pages\/1726\/revisions"}],"predecessor-version":[{"id":4495,"href":"https:\/\/baltex.co.uk\/pl\/wp-json\/wp\/v2\/pages\/1726\/revisions\/4495"}],"up":[{"embeddable":true,"href":"https:\/\/baltex.co.uk\/pl\/wp-json\/wp\/v2\/pages\/892"}],"wp:attachment":[{"href":"https:\/\/baltex.co.uk\/pl\/wp-json\/wp\/v2\/media?parent=1726"}],"curies":[{"name":"wp","href":"https:\/\/api.w.org\/{rel}","templated":true}]}}