{"id":1632,"date":"2024-03-11T11:07:03","date_gmt":"2024-03-11T11:07:03","guid":{"rendered":"http:\/\/baltex-development.local\/?page_id=1632"},"modified":"2026-04-20T16:45:36","modified_gmt":"2026-04-20T16:45:36","slug":"terms-and-conditions","status":"publish","type":"page","link":"http:\/\/baltex.co.uk\/pl\/terms-and-conditions\/","title":{"rendered":"Zasady i Warunki"},"content":{"rendered":"<div data-elementor-type=\"wp-page\" data-elementor-id=\"1632\" class=\"elementor elementor-1632\" data-elementor-post-type=\"page\">\n\t\t\t\t<div class=\"elementor-element elementor-element-53892a7c e-flex e-con-boxed e-con e-parent\" data-id=\"53892a7c\" data-element_type=\"container\" data-e-type=\"container\">\n\t\t\t\t\t<div class=\"e-con-inner\">\n\t\t<div class=\"elementor-element elementor-element-51df2a1c e-con-full e-flex e-con e-child\" data-id=\"51df2a1c\" data-element_type=\"container\" data-e-type=\"container\">\n\t\t\t\t<div class=\"elementor-element elementor-element-2110228b elementor-invisible elementor-widget elementor-widget-heading\" data-id=\"2110228b\" data-element_type=\"widget\" data-e-type=\"widget\" data-settings=\"{&quot;_animation&quot;:&quot;fadeInUp&quot;}\" data-widget_type=\"heading.default\">\n\t\t\t\t<div class=\"elementor-widget-container\">\n\t\t\t\t\t<h1 class=\"elementor-heading-title elementor-size-default\">Zasady i Warunki<\/h1>\t\t\t\t<\/div>\n\t\t\t\t<\/div>\n\t\t\t\t<div class=\"elementor-element elementor-element-3ee74d9 elementor-widget elementor-widget-text-editor\" data-id=\"3ee74d9\" data-element_type=\"widget\" data-e-type=\"widget\" data-widget_type=\"text-editor.default\">\n\t\t\t\t<div class=\"elementor-widget-container\">\n\t\t\t\t\t\t\t\t\t<p style=\"font-weight: 400;\"><strong>Regulamin korzystania z serwisu<\/strong><\/p><p style=\"font-weight: 400;\">Niniejsze Warunki zosta\u0142y wydane przez firm\u0119 W Ball and Son Ltd \u2013 prowadz\u0105c\u0105 dzia\u0142alno\u015b\u0107 pod nazw\u0105 Baltex. (\u201eFirma\u201d, \u201eMy\u201d, \u201eNas\u201d, \u201eNasz\u201d) i maj\u0105 zastosowanie do ca\u0142ej zawarto\u015bci tej witryny internetowej w domenie\u00a0<a href=\"http:\/\/baltex.co.uk\/pl\/\" data-saferedirecturl=\"https:\/\/www.google.com\/url?q=http:\/\/www.baltex.co.uk&amp;source=gmail&amp;ust=1713538598439000&amp;usg=AOvVaw108IB5h3hkXsmckgqRyR8F\">www.baltex.co.uk<\/a>\u00a0(Strona internetowa&quot;). Wchodz\u0105c na Stron\u0119 internetow\u0105, uznaje si\u0119, \u017ce zgadzasz si\u0119 na przestrzeganie niniejszego Regulaminu oraz towarzysz\u0105cej mu Polityki prywatno\u015bci i towarzysz\u0105cej Polityki plik\u00f3w cookie.<\/p><p style=\"font-weight: 400;\"><strong>Wy\u0142\u0105czenie odpowiedzialno\u015bci za tre\u015b\u0107<\/strong><\/p><p style=\"font-weight: 400;\">Strona internetowa jest udost\u0119pniana wy\u0142\u0105cznie w celach informacyjnych. Korzystanie z Witryny odbywa si\u0119 ca\u0142kowicie na w\u0142asne ryzyko. Chocia\u017c do\u0142o\u017cymy wszelkich stara\u0144, aby zawarto\u015b\u0107 Witryny by\u0142a dok\u0142adna, nie nale\u017cy polega\u0107 na takich tre\u015bciach i nie sk\u0142adamy \u017cadnych o\u015bwiadcze\u0144 ani nie gwarantujemy, \u017ce takie tre\u015bci s\u0105 dok\u0142adne, kompletne i aktualne.<\/p><p style=\"font-weight: 400;\">Zawsze powiniene\u015b zasi\u0119gn\u0105\u0107 profesjonalnej porady przed podj\u0119ciem jakiejkolwiek decyzji, kt\u00f3ra jest podyktowana Witryn\u0105 lub informacjami, kt\u00f3re widzia\u0142e\u015b w Witrynie lub informacjami, kt\u00f3re w inny spos\u00f3b zosta\u0142y przez nas dostarczone. Nie kontrolujemy \u017cadnych stron internetowych obs\u0142ugiwanych przez osoby trzecie, do kt\u00f3rych Strona mo\u017ce zawiera\u0107 linki. Nie ponosimy \u017cadnej odpowiedzialno\u015bci za dzia\u0142alno\u015b\u0107 lub dzia\u0142anie tych stron internetowych, ani za tre\u015bci lub us\u0142ugi, kt\u00f3re udost\u0119pniaj\u0105. Ze wzgl\u0119du na specyfik\u0119 Internetu oraz fakt, \u017ce dost\u0119p do Witryny obejmuje funkcje pozostaj\u0105ce poza nasz\u0105 kontrol\u0105 (na przyk\u0142ad w tym kana\u0142y na Twitterze), nie ponosimy odpowiedzialno\u015bci za problemy techniczne, kt\u00f3re mog\u0105 wyst\u0105pi\u0107 podczas uzyskiwania dost\u0119pu do Witryny.<\/p><p style=\"font-weight: 400;\"><strong>Prawa w\u0142asno\u015bci intelektualnej<\/strong><\/p><p style=\"font-weight: 400;\">Materia\u0142y znajduj\u0105ce si\u0119 na tej stronie chronione s\u0105 prawem autorskim.<\/p><p style=\"font-weight: 400;\">Upowa\u017cniamy Ci\u0119 do przegl\u0105dania zawarto\u015bci tej witryny wy\u0142\u0105cznie na w\u0142asny, niekomercyjny u\u017cytek. Ka\u017cde inne u\u017cycie jest nieautoryzowane i mo\u017ce narusza\u0107 prawa autorskie, znaki towarowe i inne prawa w\u0142asno\u015bci intelektualnej. Cieszymy si\u0119, \u017ce inne organizacje odsy\u0142aj\u0105 do publicznych stron naszej witryny na swoich w\u0142asnych stronach internetowych i tworz\u0105 odpowiednie linki do stron naszych publicznych stron.<\/p><p style=\"font-weight: 400;\"><strong>Niewa\u017cno\u015b\u0107 i rozdzielno\u015b\u0107<\/strong><\/p><p style=\"font-weight: 400;\">Niewa\u017cno\u015b\u0107 lub niewykonalno\u015b\u0107 kt\u00f3regokolwiek postanowienia (w ca\u0142o\u015bci lub w cz\u0119\u015bci) niniejszego Regulaminu nie ma wp\u0142ywu na wa\u017cno\u015b\u0107 lub wykonalno\u015b\u0107 pozosta\u0142ych postanowie\u0144 (w ca\u0142o\u015bci lub w cz\u0119\u015bci). Ca\u0142o\u015b\u0107 lub cz\u0119\u015b\u0107 dowolnego postanowienia uznanego przez w\u0142a\u015bciwy s\u0105d za niewa\u017cny lub niewykonalny zostanie uznana za usuni\u0119t\u0105 z niniejszych Warunk\u00f3w.<\/p><p style=\"font-weight: 400;\"><strong>Prawa Os\u00f3b Trzecich<\/strong><\/p><p style=\"font-weight: 400;\">Osoba, kt\u00f3ra nie jest stron\u0105 niniejszych Warunk\u00f3w, nie b\u0119dzie mia\u0142a prawa na mocy Ustawy o umowach (prawa os\u00f3b trzecich) z 1999 r. do egzekwowania kt\u00f3regokolwiek postanowienia niniejszych Warunk\u00f3w, ale nie b\u0119dzie to mia\u0142o wp\u0142ywu na \u017cadne prawa ani \u015brodki zaradcze strony trzeciej, kt\u00f3re istnieje lub jest dost\u0119pny poza t\u0105 ustaw\u0105.<\/p><p style=\"font-weight: 400;\"><strong>Sprawy poza nasz\u0105 kontrol\u0105<\/strong><\/p><p style=\"font-weight: 400;\">Nie ponosimy odpowiedzialno\u015bci za jakiekolwiek naruszenie niniejszego Regulaminu spowodowane okoliczno\u015bciami od nas niezale\u017cnymi, w tym mi\u0119dzy innymi dzia\u0142aniem si\u0142y wy\u017cszej, po\u017carem, piorunem, powodzi\u0105 lub wyj\u0105tkowo trudnymi warunkami pogodowymi, eksplozj\u0105, wojn\u0105, nieporz\u0105dkiem, sporami pracowniczymi (niezale\u017cnie od tego, czy bez udzia\u0142u naszych pracownik\u00f3w) awarie sieci lub dzia\u0142ania w\u0142adz lokalnych, centralnych lub innych w\u0142a\u015bciwych organ\u00f3w.<\/p><p style=\"font-weight: 400;\"><strong>Poleganie<\/strong><\/p><p style=\"font-weight: 400;\">Jeste\u015bmy uprawnieni do polegania pod ka\u017cdym wzgl\u0119dem i w ka\u017cdych okoliczno\u015bciach na tre\u015bci wszelkich informacji przesy\u0142anych drog\u0105 elektroniczn\u0105 przez Ciebie lub w Twoim imieniu. W zwi\u0105zku z tym ponosisz wy\u0142\u0105czn\u0105 odpowiedzialno\u015b\u0107 za zachowanie w tajemnicy wszelkich dostarczonych przez nas hase\u0142 lub element\u00f3w uwierzytelniania wielosk\u0142adnikowego. B\u0119dziemy mie\u0107 prawo w ka\u017cdej chwili polega\u0107 na wszelkiej komunikacji przesy\u0142anej do nas przy u\u017cyciu Twojego has\u0142a lub uwierzytelnionego profilu jako pochodz\u0105cej od Ciebie.<\/p><p style=\"font-weight: 400;\"><strong>Prawo w\u0142a\u015bciwe i jurysdykcja<\/strong><\/p><p style=\"font-weight: 400;\">Korzystanie z Witryny podlega prawu Anglii i Walii i podlega niewy\u0142\u0105cznej jurysdykcji, kt\u00f3rej s\u0105dom podlegasz.<\/p><p style=\"font-weight: 400;\"><strong>Szczeg\u00f3\u0142y kontaktu<\/strong><\/p><p style=\"font-weight: 400;\">Korzystaj\u0105c z Witryny, akceptujesz niniejszy regulamin. Je\u015bli potrzebujesz dalszych informacji o nas lub jakiejkolwiek zawarto\u015bci Witryny lub masz jakiekolwiek pytania dotycz\u0105ce niniejszych warunk\u00f3w, prosimy o kontakt\u00a0<a href=\"mailto:office@baltex.co.uk\">office@baltex.co.uk<\/a><\/p>\t\t\t\t\t\t\t\t<\/div>\n\t\t\t\t<\/div>\n\t\t\t\t<\/div>\n\t\t<div class=\"elementor-element elementor-element-43bb99b9 e-con-full e-flex e-con e-child\" data-id=\"43bb99b9\" data-element_type=\"container\" data-e-type=\"container\">\n\t\t\t\t<div class=\"elementor-element elementor-element-25053c5a elementor-widget elementor-widget-elementskit-heading\" data-id=\"25053c5a\" data-element_type=\"widget\" data-e-type=\"widget\" data-widget_type=\"elementskit-heading.default\">\n\t\t\t\t<div class=\"elementor-widget-container\">\n\t\t\t\t\t<div class=\"ekit-wid-con\" ><div class=\"ekit-heading elementskit-section-title-wraper text_left   ekit_heading_tablet-   ekit_heading_mobile-\"><h2 class=\"ekit-heading--title elementskit-section-title\">Szczeg\u00f3\u0142y firmy<\/h2><div class=\"ekit-heading--subtitle elementskit-section-subtitle\">\n\t\t\t\t\t\tW.Ball &amp; Son Limited (dzia\u0142aj\u0105ca jako Baltex)\n\t\t\t\t\t<\/div><\/div><\/div>\t\t\t\t<\/div>\n\t\t\t\t<\/div>\n\t\t\t\t<div class=\"elementor-element elementor-element-5ca25821 elementor-widget elementor-widget-elementskit-heading\" data-id=\"5ca25821\" data-element_type=\"widget\" data-e-type=\"widget\" data-widget_type=\"elementskit-heading.default\">\n\t\t\t\t<div class=\"elementor-widget-container\">\n\t\t\t\t\t<div class=\"ekit-wid-con\" ><div class=\"ekit-heading elementskit-section-title-wraper text_left   ekit_heading_tablet-   ekit_heading_mobile-\"><h2 class=\"ekit-heading--title elementskit-section-title\">Za\u0142o\u017cony<\/h2><div class=\"ekit-heading--subtitle elementskit-section-subtitle\">\n\t\t\t\t\t\t1831\n\t\t\t\t\t<\/div><\/div><\/div>\t\t\t\t<\/div>\n\t\t\t\t<\/div>\n\t\t\t\t<div class=\"elementor-element elementor-element-51af8520 elementor-widget elementor-widget-elementskit-heading\" data-id=\"51af8520\" data-element_type=\"widget\" data-e-type=\"widget\" data-widget_type=\"elementskit-heading.default\">\n\t\t\t\t<div class=\"elementor-widget-container\">\n\t\t\t\t\t<div class=\"ekit-wid-con\" ><div class=\"ekit-heading elementskit-section-title-wraper text_left   ekit_heading_tablet-   ekit_heading_mobile-\"><h2 class=\"ekit-heading--title elementskit-section-title\">Lokalizacje<\/h2><div class=\"ekit-heading--subtitle elementskit-section-subtitle\">\n\t\t\t\t\t\tWielka Brytania i Polska\n\t\t\t\t\t<\/div><\/div><\/div>\t\t\t\t<\/div>\n\t\t\t\t<\/div>\n\t\t<div class=\"elementor-element elementor-element-452ef34c e-con-full e-flex elementor-invisible e-con e-child\" data-id=\"452ef34c\" data-element_type=\"container\" data-e-type=\"container\" data-settings=\"{&quot;animation&quot;:&quot;fadeInUp&quot;}\">\n\t\t\t\t<\/div>\n\t\t\t\t<\/div>\n\t\t\t\t\t<\/div>\n\t\t\t\t<\/div>\n\t\t\t\t<\/div>","protected":false},"excerpt":{"rendered":"<p>Terms &amp; Conditions Terms and Conditions of website usage These Terms and Conditions are issued by W Ball and Son Ltd \u2013 trading as Baltex.(\u201cThe Company\u201d, \u201cWe\u201d, \u201cUs, \u201cOur\u201d) and apply to the entire contents of this website under the domain\u00a0www.baltex.co.uk\u00a0(the &#8220;Website&#8221;). By accessing the Website you are deemed to have agreed to be bound [&hellip;]<\/p>\n","protected":false},"author":1,"featured_media":0,"parent":0,"menu_order":0,"comment_status":"closed","ping_status":"closed","template":"","meta":{"content-type":"","_monsterinsights_skip_tracking":false,"_monsterinsights_sitenote_active":false,"_monsterinsights_sitenote_note":"","_monsterinsights_sitenote_category":0,"footnotes":""},"class_list":["post-1632","page","type-page","status-publish","hentry"],"yoast_head":"<!-- This site is optimized with the Yoast SEO plugin v27.4 - https:\/\/yoast.com\/product\/yoast-seo-wordpress\/ -->\n<title>Terms &amp; Conditions - Baltex<\/title>\n<meta name=\"robots\" content=\"index, follow, max-snippet:-1, max-image-preview:large, max-video-preview:-1\" \/>\n<link rel=\"canonical\" href=\"http:\/\/baltex.co.uk\/pl\/terms-and-conditions\/\" \/>\n<meta property=\"og:locale\" content=\"pl_PL\" \/>\n<meta property=\"og:type\" content=\"article\" \/>\n<meta property=\"og:title\" content=\"Terms &amp; Conditions - Baltex\" \/>\n<meta property=\"og:description\" content=\"Terms &amp; Conditions Terms and Conditions of website usage These Terms and Conditions are issued by W Ball and Son Ltd \u2013 trading as Baltex.(\u201cThe Company\u201d, \u201cWe\u201d, \u201cUs, \u201cOur\u201d) and apply to the entire contents of this website under the domain\u00a0www.baltex.co.uk\u00a0(the &#8220;Website&#8221;). By accessing the Website you are deemed to have agreed to be bound [&hellip;]\" \/>\n<meta property=\"og:url\" content=\"http:\/\/baltex.co.uk\/pl\/terms-and-conditions\/\" \/>\n<meta property=\"og:site_name\" content=\"Baltex\" \/>\n<meta property=\"article:modified_time\" content=\"2026-04-20T16:45:36+00:00\" \/>\n<meta name=\"twitter:card\" content=\"summary_large_image\" \/>\n<meta name=\"twitter:label1\" content=\"Szacowany czas czytania\" \/>\n\t<meta name=\"twitter:data1\" content=\"3 minuty\" \/>\n<script type=\"application\/ld+json\" class=\"yoast-schema-graph\">{\"@context\":\"https:\\\/\\\/schema.org\",\"@graph\":[{\"@type\":\"WebPage\",\"@id\":\"http:\\\/\\\/baltex.co.uk\\\/pl\\\/terms-and-conditions\\\/\",\"url\":\"http:\\\/\\\/baltex.co.uk\\\/pl\\\/terms-and-conditions\\\/\",\"name\":\"Terms & Conditions - Baltex\",\"isPartOf\":{\"@id\":\"https:\\\/\\\/baltex.co.uk\\\/#website\"},\"datePublished\":\"2024-03-11T11:07:03+00:00\",\"dateModified\":\"2026-04-20T16:45:36+00:00\",\"breadcrumb\":{\"@id\":\"http:\\\/\\\/baltex.co.uk\\\/pl\\\/terms-and-conditions\\\/#breadcrumb\"},\"inLanguage\":\"pl-PL\",\"potentialAction\":[{\"@type\":\"ReadAction\",\"target\":[\"http:\\\/\\\/baltex.co.uk\\\/pl\\\/terms-and-conditions\\\/\"]}]},{\"@type\":\"BreadcrumbList\",\"@id\":\"http:\\\/\\\/baltex.co.uk\\\/pl\\\/terms-and-conditions\\\/#breadcrumb\",\"itemListElement\":[{\"@type\":\"ListItem\",\"position\":1,\"name\":\"Home\",\"item\":\"https:\\\/\\\/baltex.co.uk\\\/\"},{\"@type\":\"ListItem\",\"position\":2,\"name\":\"Terms &#038; Conditions\"}]},{\"@type\":\"WebSite\",\"@id\":\"https:\\\/\\\/baltex.co.uk\\\/#website\",\"url\":\"https:\\\/\\\/baltex.co.uk\\\/\",\"name\":\"Baltex\",\"description\":\"We design, manufacture and supply a wide range of high performing technical textiles for a range of high performance markets\",\"publisher\":{\"@id\":\"https:\\\/\\\/baltex.co.uk\\\/#organization\"},\"potentialAction\":[{\"@type\":\"SearchAction\",\"target\":{\"@type\":\"EntryPoint\",\"urlTemplate\":\"https:\\\/\\\/baltex.co.uk\\\/?s={search_term_string}\"},\"query-input\":{\"@type\":\"PropertyValueSpecification\",\"valueRequired\":true,\"valueName\":\"search_term_string\"}}],\"inLanguage\":\"pl-PL\"},{\"@type\":\"Organization\",\"@id\":\"https:\\\/\\\/baltex.co.uk\\\/#organization\",\"name\":\"Baltex\",\"url\":\"https:\\\/\\\/baltex.co.uk\\\/\",\"logo\":{\"@type\":\"ImageObject\",\"inLanguage\":\"pl-PL\",\"@id\":\"https:\\\/\\\/baltex.co.uk\\\/#\\\/schema\\\/logo\\\/image\\\/\",\"url\":\"https:\\\/\\\/baltex.co.uk\\\/wp-content\\\/uploads\\\/2024\\\/02\\\/Baltex-Logo-Purple.png\",\"contentUrl\":\"https:\\\/\\\/baltex.co.uk\\\/wp-content\\\/uploads\\\/2024\\\/02\\\/Baltex-Logo-Purple.png\",\"width\":930,\"height\":413,\"caption\":\"Baltex\"},\"image\":{\"@id\":\"https:\\\/\\\/baltex.co.uk\\\/#\\\/schema\\\/logo\\\/image\\\/\"}}]}<\/script>\n<!-- \/ Yoast SEO plugin. -->","yoast_head_json":{"title":"Terms & Conditions - Baltex","robots":{"index":"index","follow":"follow","max-snippet":"max-snippet:-1","max-image-preview":"max-image-preview:large","max-video-preview":"max-video-preview:-1"},"canonical":"http:\/\/baltex.co.uk\/pl\/terms-and-conditions\/","og_locale":"pl_PL","og_type":"article","og_title":"Terms & Conditions - Baltex","og_description":"Terms &amp; Conditions Terms and Conditions of website usage These Terms and Conditions are issued by W Ball and Son Ltd \u2013 trading as Baltex.(\u201cThe Company\u201d, \u201cWe\u201d, \u201cUs, \u201cOur\u201d) and apply to the entire contents of this website under the domain\u00a0www.baltex.co.uk\u00a0(the &#8220;Website&#8221;). By accessing the Website you are deemed to have agreed to be bound [&hellip;]","og_url":"http:\/\/baltex.co.uk\/pl\/terms-and-conditions\/","og_site_name":"Baltex","article_modified_time":"2026-04-20T16:45:36+00:00","twitter_card":"summary_large_image","twitter_misc":{"Szacowany czas czytania":"3 minuty"},"schema":{"@context":"https:\/\/schema.org","@graph":[{"@type":"WebPage","@id":"http:\/\/baltex.co.uk\/pl\/terms-and-conditions\/","url":"http:\/\/baltex.co.uk\/pl\/terms-and-conditions\/","name":"Terms & Conditions - Baltex","isPartOf":{"@id":"https:\/\/baltex.co.uk\/#website"},"datePublished":"2024-03-11T11:07:03+00:00","dateModified":"2026-04-20T16:45:36+00:00","breadcrumb":{"@id":"http:\/\/baltex.co.uk\/pl\/terms-and-conditions\/#breadcrumb"},"inLanguage":"pl-PL","potentialAction":[{"@type":"ReadAction","target":["http:\/\/baltex.co.uk\/pl\/terms-and-conditions\/"]}]},{"@type":"BreadcrumbList","@id":"http:\/\/baltex.co.uk\/pl\/terms-and-conditions\/#breadcrumb","itemListElement":[{"@type":"ListItem","position":1,"name":"Home","item":"https:\/\/baltex.co.uk\/"},{"@type":"ListItem","position":2,"name":"Terms &#038; Conditions"}]},{"@type":"WebSite","@id":"https:\/\/baltex.co.uk\/#website","url":"https:\/\/baltex.co.uk\/","name":"Baltex","description":"Projektujemy, produkujemy i dostarczamy szerok\u0105 gam\u0119 wysokowydajnych tekstyli\u00f3w technicznych dla r\u00f3\u017cnych rynk\u00f3w o wysokiej wydajno\u015bci","publisher":{"@id":"https:\/\/baltex.co.uk\/#organization"},"potentialAction":[{"@type":"SearchAction","target":{"@type":"EntryPoint","urlTemplate":"https:\/\/baltex.co.uk\/?s={search_term_string}"},"query-input":{"@type":"PropertyValueSpecification","valueRequired":true,"valueName":"search_term_string"}}],"inLanguage":"pl-PL"},{"@type":"Organization","@id":"https:\/\/baltex.co.uk\/#organization","name":"Baltex","url":"https:\/\/baltex.co.uk\/","logo":{"@type":"ImageObject","inLanguage":"pl-PL","@id":"https:\/\/baltex.co.uk\/#\/schema\/logo\/image\/","url":"https:\/\/baltex.co.uk\/wp-content\/uploads\/2024\/02\/Baltex-Logo-Purple.png","contentUrl":"https:\/\/baltex.co.uk\/wp-content\/uploads\/2024\/02\/Baltex-Logo-Purple.png","width":930,"height":413,"caption":"Baltex"},"image":{"@id":"https:\/\/baltex.co.uk\/#\/schema\/logo\/image\/"}}]}},"_links":{"self":[{"href":"http:\/\/baltex.co.uk\/pl\/wp-json\/wp\/v2\/pages\/1632","targetHints":{"allow":["GET"]}}],"collection":[{"href":"http:\/\/baltex.co.uk\/pl\/wp-json\/wp\/v2\/pages"}],"about":[{"href":"http:\/\/baltex.co.uk\/pl\/wp-json\/wp\/v2\/types\/page"}],"author":[{"embeddable":true,"href":"http:\/\/baltex.co.uk\/pl\/wp-json\/wp\/v2\/users\/1"}],"replies":[{"embeddable":true,"href":"http:\/\/baltex.co.uk\/pl\/wp-json\/wp\/v2\/comments?post=1632"}],"version-history":[{"count":13,"href":"http:\/\/baltex.co.uk\/pl\/wp-json\/wp\/v2\/pages\/1632\/revisions"}],"predecessor-version":[{"id":4340,"href":"http:\/\/baltex.co.uk\/pl\/wp-json\/wp\/v2\/pages\/1632\/revisions\/4340"}],"wp:attachment":[{"href":"http:\/\/baltex.co.uk\/pl\/wp-json\/wp\/v2\/media?parent=1632"}],"curies":[{"name":"wp","href":"https:\/\/api.w.org\/{rel}","templated":true}]}}